{"id":498,"date":"2023-04-12T15:09:52","date_gmt":"2023-04-12T13:09:52","guid":{"rendered":"https:\/\/morialaznik.com\/acerca-de-mi\/"},"modified":"2024-12-15T15:22:50","modified_gmt":"2024-12-15T14:22:50","slug":"acerca-de-mi","status":"publish","type":"page","link":"https:\/\/morialaznik.com\/es\/acerca-de-mi\/","title":{"rendered":"Moria Laznik"},"content":{"rendered":"<p>[et_pb_section fb_built=\u00bb1&#8243; disabled_on=\u00bboff|off|off\u00bb admin_label=\u00bbIntro Section\u00bb _builder_version=\u00bb4.27.4&#8243; _module_preset=\u00bbdefault\u00bb background_color=\u00bb#1bba00&#8243; background_enable_image=\u00bboff\u00bb custom_padding=\u00bb|0px||0px|false|false\u00bb locked=\u00bboff\u00bb global_colors_info=\u00bb{}\u00bb][et_pb_row _builder_version=\u00bb4.23.1&#8243; _module_preset=\u00bbdefault\u00bb global_colors_info=\u00bb{}\u00bb][et_pb_column type=\u00bb4_4&#8243; _builder_version=\u00bb4.23.1&#8243; _module_preset=\u00bbdefault\u00bb global_colors_info=\u00bb{}\u00bb][et_pb_text _builder_version=\u00bb4.23.1&#8243; _module_preset=\u00bbdefault\u00bb text_font=\u00bb||||||||\u00bb text_text_color=\u00bb#FFFFFF\u00bb link_font=\u00bb||||||||\u00bb link_text_color=\u00bb#FFFFFF\u00bb global_colors_info=\u00bb{}\u00bb]<\/p>\n<p style=\"text-align: center;\"><span><span><a href=\"https:\/\/morialaznik.com\/es\/\">Home<\/a><\/span><\/span><\/p>\n<p>[\/et_pb_text][et_pb_text _builder_version=\u00bb4.27.4&#8243; _module_preset=\u00bbdefault\u00bb header_font=\u00bb|||on|||||\u00bb header_text_color=\u00bb#FFFFFF\u00bb header_font_size=\u00bb40px\u00bb hover_enabled=\u00bb0&#8243; global_colors_info=\u00bb{}\u00bb sticky_enabled=\u00bb0&#8243;]<\/p>\n<h1 style=\"text-align: center;\">Moria Laznik<\/h1>\n<p>[\/et_pb_text][\/et_pb_column][\/et_pb_row][\/et_pb_section][et_pb_section fb_built=\u00bb1&#8243; admin_label=\u00bbContact Section\u00bb _builder_version=\u00bb4.20.0&#8243; _module_preset=\u00bbdefault\u00bb background_color=\u00bb#FFFFFF\u00bb use_background_color_gradient=\u00bbon\u00bb background_color_gradient_stops=\u00bb#ffffff 20%|rgba(255,255,255,0) 80%\u00bb background_color_gradient_overlays_image=\u00bbon\u00bb background_color_gradient_start=\u00bb#ffffff\u00bb background_color_gradient_start_position=\u00bb20%\u00bb background_color_gradient_end=\u00bbrgba(255,255,255,0)\u00bb background_color_gradient_end_position=\u00bb80%\u00bb background_enable_image=\u00bboff\u00bb background_position=\u00bbbottom_center\u00bb custom_padding=\u00bb20px||20px||true|false\u00bb saved_tabs=\u00bball\u00bb locked=\u00bboff\u00bb global_colors_info=\u00bb{}\u00bb][et_pb_row column_structure=\u00bb1_2,1_2&#8243; _builder_version=\u00bb4.23.1&#8243; _module_preset=\u00bbdefault\u00bb width=\u00bb90%\u00bb max_width=\u00bb2560px\u00bb global_colors_info=\u00bb{}\u00bb][et_pb_column type=\u00bb1_2&#8243; _builder_version=\u00bb4.20.0&#8243; _module_preset=\u00bbdefault\u00bb global_colors_info=\u00bb{}\u00bb][et_pb_divider divider_weight=\u00bb3px\u00bb disabled_on=\u00bboff|off|off\u00bb _builder_version=\u00bb4.23.1&#8243; background_color_gradient_direction=\u00bb90deg\u00bb max_width=\u00bb100px\u00bb module_alignment=\u00bbleft\u00bb height=\u00bb5px\u00bb custom_margin=\u00bb||20px|\u00bb custom_padding=\u00bb||20px|\u00bb animation_style=\u00bbslide\u00bb animation_direction=\u00bbbottom\u00bb saved_tabs=\u00bball\u00bb locked=\u00bboff\u00bb global_colors_info=\u00bb{}\u00bb][\/et_pb_divider][et_pb_text _builder_version=\u00bb4.27.4&#8243; _module_preset=\u00bbdefault\u00bb text_font=\u00bb||||||||\u00bb header_2_font=\u00bb|600|||||||\u00bb header_2_font_size=\u00bb30px\u00bb header_2_line_height=\u00bb1.2em\u00bb custom_padding=\u00bb20px||20px||true|false\u00bb global_colors_info=\u00bb{}\u00bb]<\/p>\n<h2 class=\"main-title bigTitle\" id=\"mission-di-riduzione-degli-sprechi-alimentari\">Moria Laznik, psic\u00f3loga y psicoterapeuta<\/h2>\n<p>&nbsp;<\/p>\n<p><strong>Estudios y Formaci\u00f3n<\/strong><\/p>\n<p>Comenc\u00e9 mi camino en el campo de la psicolog\u00eda hace doce a\u00f1os y hoy trabajo de forma privada en Sant-Cugat y Barcelona. Soy psic\u00f3loga registrada con formaci\u00f3n y experiencia trabajando con ni\u00f1os y adultos &#8211; en psicoterapia psicoanal\u00edtica, en el tratamiento de situaciones de crisis y dificultades emocionales. Tambi\u00e9n trabajo con Neurodiversidad.<\/p>\n<p><strong>\u2022 Miembro del COPC, Colegio oficial de Psic\u00f3logos de Catalu\u00f1a Espa\u00f1a, N.R. 32307.<\/strong><\/p>\n<p><strong>\u2022 Miembro del IARPP, Sociedad de la Asociaci\u00f3n Internacional de Terapeutas Psicoanal\u00edticos.<\/strong><\/p>\n<p>Realic\u00e9 unas pr\u00e1cticas de psicoterapia en un centro p\u00fablico de salud mental (ECID, Badalona, Barcelona) y otras pr\u00e1cticas de psicolog\u00eda de la rehabilitaci\u00f3n y neuropsicolog\u00eda (Hospital Socio Sanitari, Mollet del Vall\u00e8s, Barcelona).<br \/>Tengo seis t\u00edtulos universitarios y todav\u00eda estoy estudiando.<\/p>\n<p>&#8211; Programa de doctorado en psicolog\u00eda cl\u00ednica 2024- hoy. UAB.<\/p>\n<p>M\u00e1ster en Psicoterapia Psicoanal\u00edtica (Universitat de Ramon Lull, Barcelona).<\/p>\n<p>\u00b7 Certificaci\u00f3n en estudios de postgrado en psicopatolog\u00eda cl\u00ednica del adulto (Universitat de Barcelona, Barcelona).<\/p>\n<p>\u00b7 Estudios de m\u00e1ster en hipnoterapia y psicosom\u00e1tica (Instituto NeoBo, Barcelona).<\/p>\n<p>\u00b7 Licenciatura en psicolog\u00eda con honores (OU, Raanana).<\/p>\n<p>*Tres a\u00f1os adicionales de realizaci\u00f3n de estudios y pr\u00e1cticas, para cumplir las condiciones del registro como psic\u00f3logo en Espa\u00f1a y ser colegiado en el colegio oficial de psic\u00f3logos.<\/p>\n<p>-Practitionar EMDR certificada (EMDR Espa\u00f1a).<\/p>\n<p><span>-Diagn\u00f3stico certificado de autismo (A-dos2), Espa\u00f1a<\/span><\/p>\n<p><span>-Formaci\u00f3n MBT (Centro Anna Freud, Reino Unido).<\/span><\/p>\n<p><span>-Especialista cl\u00ednico certificado en autismo (Evergreen, EE.UU.).<\/span><\/p>\n<p><span>-Formaci\u00f3n en Terapia IFS ((Evergreen, EEUU).<\/span><\/p>\n<p>[\/et_pb_text][\/et_pb_column][et_pb_column type=\u00bb1_2&#8243; _builder_version=\u00bb4.20.2&#8243; _module_preset=\u00bbdefault\u00bb global_colors_info=\u00bb{}\u00bb][et_pb_image src=\u00bbhttps:\/\/morialaznik.com\/wp-content\/uploads\/2024\/01\/Moria-Laznik-e1706475024812.jpg\u00bb alt=\u00bbPASTICCERIA STAZIONE CENTRALE MILANO &#8211; PASTICCERIA STORICA ROVIDA\u00bb title_text=\u00bbMoria Laznik\u00bb align=\u00bbcenter\u00bb force_fullwidth=\u00bbon\u00bb disabled_on=\u00bboff|off|off\u00bb _builder_version=\u00bb4.24.0&#8243; _module_preset=\u00bbdefault\u00bb box_shadow_style=\u00bbpreset1&#8243; global_colors_info=\u00bb{}\u00bb][\/et_pb_image][\/et_pb_column][\/et_pb_row][\/et_pb_section]<\/p>\n","protected":false},"excerpt":{"rendered":"<p><span><span><a href=\"https:\/\/morialaznik.com\/es\/\">Home<\/a><\/span><\/span>Moria LaznikMoria Laznik, psic\u00f3loga y psicoterapeuta &nbsp; Estudios y Formaci\u00f3n Comenc\u00e9 mi camino en el campo de la psicolog\u00eda hace doce a\u00f1os y hoy trabajo de forma privada en Sant-Cugat y Barcelona. Soy psic\u00f3loga registrada con formaci\u00f3n y experiencia trabajando con ni\u00f1os y adultos &#8211; en psicoterapia psicoanal\u00edtica, en el tratamiento de situaciones de crisis [&hellip;]<\/p>\n","protected":false},"author":1,"featured_media":459,"parent":0,"menu_order":0,"comment_status":"closed","ping_status":"closed","template":"","meta":{"_et_pb_use_builder":"on","_et_pb_old_content":"","_et_gb_content_width":"","footnotes":""},"class_list":["post-498","page","type-page","status-publish","has-post-thumbnail","hentry"],"yoast_head":"<!-- This site is optimized with the Yoast SEO plugin v27.4 - https:\/\/yoast.com\/product\/yoast-seo-wordpress\/ -->\n<title>Moria Laznik - Clinica Le\u00f3n psychologists and psychoterapists<\/title>\n<meta name=\"robots\" content=\"index, follow, max-snippet:-1, max-image-preview:large, max-video-preview:-1\" \/>\n<link rel=\"canonical\" href=\"https:\/\/morialaznik.com\/es\/acerca-de-mi\/\" \/>\n<meta property=\"og:locale\" content=\"es_ES\" \/>\n<meta property=\"og:type\" content=\"article\" \/>\n<meta property=\"og:title\" content=\"Moria Laznik - Clinica Le\u00f3n psychologists and psychoterapists\" \/>\n<meta property=\"og:description\" content=\"Moria LaznikMoria Laznik, psic\u00f3loga y psicoterapeuta &nbsp; Estudios y Formaci\u00f3n Comenc\u00e9 mi camino en el campo de la psicolog\u00eda hace doce a\u00f1os y hoy trabajo de forma privada en Sant-Cugat y Barcelona. Soy psic\u00f3loga registrada con formaci\u00f3n y experiencia trabajando con ni\u00f1os y adultos - en psicoterapia psicoanal\u00edtica, en el tratamiento de situaciones de crisis [&hellip;]\" \/>\n<meta property=\"og:url\" content=\"https:\/\/morialaznik.com\/es\/acerca-de-mi\/\" \/>\n<meta property=\"og:site_name\" content=\"Clinica Le\u00f3n psychologists and psychoterapists\" \/>\n<meta property=\"article:modified_time\" content=\"2024-12-15T14:22:50+00:00\" \/>\n<meta property=\"og:image\" content=\"https:\/\/morialaznik.com\/wp-content\/uploads\/2024\/01\/Moria-Laznik-e1706475024812.jpg\" \/>\n\t<meta property=\"og:image:width\" content=\"472\" \/>\n\t<meta property=\"og:image:height\" content=\"472\" \/>\n\t<meta property=\"og:image:type\" content=\"image\/jpeg\" \/>\n<meta name=\"twitter:card\" content=\"summary_large_image\" \/>\n<meta name=\"twitter:label1\" content=\"Tiempo de lectura\" \/>\n\t<meta name=\"twitter:data1\" content=\"3 minutos\" \/>\n<script type=\"application\/ld+json\" class=\"yoast-schema-graph\">{\"@context\":\"https:\\\/\\\/schema.org\",\"@graph\":[{\"@type\":\"WebPage\",\"@id\":\"https:\\\/\\\/morialaznik.com\\\/es\\\/acerca-de-mi\\\/\",\"url\":\"https:\\\/\\\/morialaznik.com\\\/es\\\/acerca-de-mi\\\/\",\"name\":\"Moria Laznik - Clinica Le\u00f3n psychologists and psychoterapists\",\"isPartOf\":{\"@id\":\"https:\\\/\\\/morialaznik.com\\\/es\\\/#website\"},\"primaryImageOfPage\":{\"@id\":\"https:\\\/\\\/morialaznik.com\\\/es\\\/acerca-de-mi\\\/#primaryimage\"},\"image\":{\"@id\":\"https:\\\/\\\/morialaznik.com\\\/es\\\/acerca-de-mi\\\/#primaryimage\"},\"thumbnailUrl\":\"https:\\\/\\\/morialaznik.com\\\/wp-content\\\/uploads\\\/2024\\\/01\\\/Moria-Laznik-e1706475024812.jpg\",\"datePublished\":\"2023-04-12T13:09:52+00:00\",\"dateModified\":\"2024-12-15T14:22:50+00:00\",\"breadcrumb\":{\"@id\":\"https:\\\/\\\/morialaznik.com\\\/es\\\/acerca-de-mi\\\/#breadcrumb\"},\"inLanguage\":\"es\",\"potentialAction\":[{\"@type\":\"ReadAction\",\"target\":[\"https:\\\/\\\/morialaznik.com\\\/es\\\/acerca-de-mi\\\/\"]}]},{\"@type\":\"ImageObject\",\"inLanguage\":\"es\",\"@id\":\"https:\\\/\\\/morialaznik.com\\\/es\\\/acerca-de-mi\\\/#primaryimage\",\"url\":\"https:\\\/\\\/morialaznik.com\\\/wp-content\\\/uploads\\\/2024\\\/01\\\/Moria-Laznik-e1706475024812.jpg\",\"contentUrl\":\"https:\\\/\\\/morialaznik.com\\\/wp-content\\\/uploads\\\/2024\\\/01\\\/Moria-Laznik-e1706475024812.jpg\",\"width\":472,\"height\":472},{\"@type\":\"BreadcrumbList\",\"@id\":\"https:\\\/\\\/morialaznik.com\\\/es\\\/acerca-de-mi\\\/#breadcrumb\",\"itemListElement\":[{\"@type\":\"ListItem\",\"position\":1,\"name\":\"Home\",\"item\":\"https:\\\/\\\/morialaznik.com\\\/es\\\/\"},{\"@type\":\"ListItem\",\"position\":2,\"name\":\"Moria Laznik\"}]},{\"@type\":\"WebSite\",\"@id\":\"https:\\\/\\\/morialaznik.com\\\/es\\\/#website\",\"url\":\"https:\\\/\\\/morialaznik.com\\\/es\\\/\",\"name\":\"Moria Laznik psychologist\",\"description\":\"Psychologists and psychotherapists in Sant Cugat del Vall\u00e8s Barcelona\",\"publisher\":{\"@id\":\"https:\\\/\\\/morialaznik.com\\\/es\\\/#organization\"},\"potentialAction\":[{\"@type\":\"SearchAction\",\"target\":{\"@type\":\"EntryPoint\",\"urlTemplate\":\"https:\\\/\\\/morialaznik.com\\\/es\\\/?s={search_term_string}\"},\"query-input\":{\"@type\":\"PropertyValueSpecification\",\"valueRequired\":true,\"valueName\":\"search_term_string\"}}],\"inLanguage\":\"es\"},{\"@type\":\"Organization\",\"@id\":\"https:\\\/\\\/morialaznik.com\\\/es\\\/#organization\",\"name\":\"Moria Laznik psychologist\",\"url\":\"https:\\\/\\\/morialaznik.com\\\/es\\\/\",\"logo\":{\"@type\":\"ImageObject\",\"inLanguage\":\"es\",\"@id\":\"https:\\\/\\\/morialaznik.com\\\/es\\\/#\\\/schema\\\/logo\\\/image\\\/\",\"url\":\"https:\\\/\\\/morialaznik.com\\\/wp-content\\\/uploads\\\/2024\\\/01\\\/Logo-Moria-Laznik-psychologist-website.jpg\",\"contentUrl\":\"https:\\\/\\\/morialaznik.com\\\/wp-content\\\/uploads\\\/2024\\\/01\\\/Logo-Moria-Laznik-psychologist-website.jpg\",\"width\":746,\"height\":214,\"caption\":\"Moria Laznik psychologist\"},\"image\":{\"@id\":\"https:\\\/\\\/morialaznik.com\\\/es\\\/#\\\/schema\\\/logo\\\/image\\\/\"}}]}<\/script>\n<!-- \/ Yoast SEO plugin. -->","yoast_head_json":{"title":"Moria Laznik - Clinica Le\u00f3n psychologists and psychoterapists","robots":{"index":"index","follow":"follow","max-snippet":"max-snippet:-1","max-image-preview":"max-image-preview:large","max-video-preview":"max-video-preview:-1"},"canonical":"https:\/\/morialaznik.com\/es\/acerca-de-mi\/","og_locale":"es_ES","og_type":"article","og_title":"Moria Laznik - Clinica Le\u00f3n psychologists and psychoterapists","og_description":"Moria LaznikMoria Laznik, psic\u00f3loga y psicoterapeuta &nbsp; Estudios y Formaci\u00f3n Comenc\u00e9 mi camino en el campo de la psicolog\u00eda hace doce a\u00f1os y hoy trabajo de forma privada en Sant-Cugat y Barcelona. Soy psic\u00f3loga registrada con formaci\u00f3n y experiencia trabajando con ni\u00f1os y adultos - en psicoterapia psicoanal\u00edtica, en el tratamiento de situaciones de crisis [&hellip;]","og_url":"https:\/\/morialaznik.com\/es\/acerca-de-mi\/","og_site_name":"Clinica Le\u00f3n psychologists and psychoterapists","article_modified_time":"2024-12-15T14:22:50+00:00","og_image":[{"width":472,"height":472,"url":"https:\/\/morialaznik.com\/wp-content\/uploads\/2024\/01\/Moria-Laznik-e1706475024812.jpg","type":"image\/jpeg"}],"twitter_card":"summary_large_image","twitter_misc":{"Tiempo de lectura":"3 minutos"},"schema":{"@context":"https:\/\/schema.org","@graph":[{"@type":"WebPage","@id":"https:\/\/morialaznik.com\/es\/acerca-de-mi\/","url":"https:\/\/morialaznik.com\/es\/acerca-de-mi\/","name":"Moria Laznik - Clinica Le\u00f3n psychologists and psychoterapists","isPartOf":{"@id":"https:\/\/morialaznik.com\/es\/#website"},"primaryImageOfPage":{"@id":"https:\/\/morialaznik.com\/es\/acerca-de-mi\/#primaryimage"},"image":{"@id":"https:\/\/morialaznik.com\/es\/acerca-de-mi\/#primaryimage"},"thumbnailUrl":"https:\/\/morialaznik.com\/wp-content\/uploads\/2024\/01\/Moria-Laznik-e1706475024812.jpg","datePublished":"2023-04-12T13:09:52+00:00","dateModified":"2024-12-15T14:22:50+00:00","breadcrumb":{"@id":"https:\/\/morialaznik.com\/es\/acerca-de-mi\/#breadcrumb"},"inLanguage":"es","potentialAction":[{"@type":"ReadAction","target":["https:\/\/morialaznik.com\/es\/acerca-de-mi\/"]}]},{"@type":"ImageObject","inLanguage":"es","@id":"https:\/\/morialaznik.com\/es\/acerca-de-mi\/#primaryimage","url":"https:\/\/morialaznik.com\/wp-content\/uploads\/2024\/01\/Moria-Laznik-e1706475024812.jpg","contentUrl":"https:\/\/morialaznik.com\/wp-content\/uploads\/2024\/01\/Moria-Laznik-e1706475024812.jpg","width":472,"height":472},{"@type":"BreadcrumbList","@id":"https:\/\/morialaznik.com\/es\/acerca-de-mi\/#breadcrumb","itemListElement":[{"@type":"ListItem","position":1,"name":"Home","item":"https:\/\/morialaznik.com\/es\/"},{"@type":"ListItem","position":2,"name":"Moria Laznik"}]},{"@type":"WebSite","@id":"https:\/\/morialaznik.com\/es\/#website","url":"https:\/\/morialaznik.com\/es\/","name":"Moria Laznik psychologist","description":"Psychologists and psychotherapists in Sant Cugat del Vall\u00e8s Barcelona","publisher":{"@id":"https:\/\/morialaznik.com\/es\/#organization"},"potentialAction":[{"@type":"SearchAction","target":{"@type":"EntryPoint","urlTemplate":"https:\/\/morialaznik.com\/es\/?s={search_term_string}"},"query-input":{"@type":"PropertyValueSpecification","valueRequired":true,"valueName":"search_term_string"}}],"inLanguage":"es"},{"@type":"Organization","@id":"https:\/\/morialaznik.com\/es\/#organization","name":"Moria Laznik psychologist","url":"https:\/\/morialaznik.com\/es\/","logo":{"@type":"ImageObject","inLanguage":"es","@id":"https:\/\/morialaznik.com\/es\/#\/schema\/logo\/image\/","url":"https:\/\/morialaznik.com\/wp-content\/uploads\/2024\/01\/Logo-Moria-Laznik-psychologist-website.jpg","contentUrl":"https:\/\/morialaznik.com\/wp-content\/uploads\/2024\/01\/Logo-Moria-Laznik-psychologist-website.jpg","width":746,"height":214,"caption":"Moria Laznik psychologist"},"image":{"@id":"https:\/\/morialaznik.com\/es\/#\/schema\/logo\/image\/"}}]}},"_links":{"self":[{"href":"https:\/\/morialaznik.com\/es\/wp-json\/wp\/v2\/pages\/498","targetHints":{"allow":["GET"]}}],"collection":[{"href":"https:\/\/morialaznik.com\/es\/wp-json\/wp\/v2\/pages"}],"about":[{"href":"https:\/\/morialaznik.com\/es\/wp-json\/wp\/v2\/types\/page"}],"author":[{"embeddable":true,"href":"https:\/\/morialaznik.com\/es\/wp-json\/wp\/v2\/users\/1"}],"replies":[{"embeddable":true,"href":"https:\/\/morialaznik.com\/es\/wp-json\/wp\/v2\/comments?post=498"}],"version-history":[{"count":24,"href":"https:\/\/morialaznik.com\/es\/wp-json\/wp\/v2\/pages\/498\/revisions"}],"predecessor-version":[{"id":874,"href":"https:\/\/morialaznik.com\/es\/wp-json\/wp\/v2\/pages\/498\/revisions\/874"}],"wp:featuredmedia":[{"embeddable":true,"href":"https:\/\/morialaznik.com\/es\/wp-json\/wp\/v2\/media\/459"}],"wp:attachment":[{"href":"https:\/\/morialaznik.com\/es\/wp-json\/wp\/v2\/media?parent=498"}],"curies":[{"name":"wp","href":"https:\/\/api.w.org\/{rel}","templated":true}]}}