{"id":510,"date":"2023-04-12T15:31:49","date_gmt":"2023-04-12T13:31:49","guid":{"rendered":"https:\/\/morialaznik.com\/contactos\/"},"modified":"2024-12-15T15:01:20","modified_gmt":"2024-12-15T14:01:20","slug":"contactos","status":"publish","type":"page","link":"https:\/\/morialaznik.com\/es\/contactos\/","title":{"rendered":"Contactos"},"content":{"rendered":"<p>[et_pb_section fb_built=\u00bb1&#8243; admin_label=\u00bbHero\u00bb _builder_version=\u00bb4.27.4&#8243; background_color=\u00bb#1bba00&#8243; background_enable_image=\u00bboff\u00bb custom_padding=\u00bb0px||0px||true|false\u00bb global_colors_info=\u00bb{}\u00bb][et_pb_row column_structure=\u00bb1_2,1_2&#8243; make_equal=\u00bbon\u00bb padding_top_bottom_link_1=\u00bbtrue\u00bb padding_top_bottom_link_2=\u00bbtrue\u00bb padding_left_right_link_1=\u00bbtrue\u00bb padding_left_right_link_2=\u00bbtrue\u00bb background_color_gradient_type_1=\u00bbcircular\u00bb _builder_version=\u00bb4.27.4&#8243; width=\u00bb100%\u00bb max_width=\u00bb100%\u00bb custom_padding=\u00bb0px||0px||true\u00bb use_custom_width=\u00bbon\u00bb width_unit=\u00bboff\u00bb custom_width_percent=\u00bb100%\u00bb global_colors_info=\u00bb{}\u00bb][et_pb_column type=\u00bb1_2&#8243; _builder_version=\u00bb4.27.4&#8243; background_color_gradient_start=\u00bbrgba(40,40,40,0.79)\u00bb background_color_gradient_end=\u00bbrgba(40,40,40,0.86)\u00bb background_image=\u00bbhttps:\/\/morialaznik.com\/wp-content\/uploads\/2024\/01\/Sant-Cugat-Del-Valles-Barcelona.jpg\u00bb background_position=\u00bbbottom_left\u00bb background_horizontal_offset=\u00bb27%\u00bb custom_padding=\u00bb10vw|6vw|10vw|6vw\u00bb custom_padding_tablet=\u00bb30vw||30vw||true|true\u00bb custom_padding_phone=\u00bb30vw|10%|30vw|10%|true|true\u00bb custom_padding_last_edited=\u00bbon|desktop\u00bb global_colors_info=\u00bb{}\u00bb padding_tablet=\u00bb10vw|10%|10vw|10%|true|true\u00bb padding_last_edited=\u00bbon|desktop\u00bb custom_padding__hover=\u00bb|||\u00bb padding_phone=\u00bb10vw|10%|10vw|10%|true|true\u00bb][\/et_pb_column][et_pb_column type=\u00bb1_2&#8243; _builder_version=\u00bb4.27.4&#8243; background_color=\u00bb#1bba00&#8243; custom_padding=\u00bb80px|40px|80px|40px\u00bb custom_padding_tablet=\u00bb|10%||10%||true\u00bb custom_padding_phone=\u00bb|10%||10%||true\u00bb custom_padding_last_edited=\u00bbon|desktop\u00bb global_colors_info=\u00bb{}\u00bb padding_tablet=\u00bb|10%||10%||true\u00bb padding_last_edited=\u00bbon|desktop\u00bb custom_padding__hover=\u00bb|||\u00bb padding_phone=\u00bb|10%||10%||true\u00bb][et_pb_text _builder_version=\u00bb4.24.0&#8243; _module_preset=\u00bbdefault\u00bb text_font=\u00bb||||||||\u00bb text_text_color=\u00bb#FFFFFF\u00bb link_font=\u00bb||||||||\u00bb link_text_color=\u00bb#FFFFFF\u00bb custom_margin=\u00bb||15px||false|false\u00bb locked=\u00bboff\u00bb global_colors_info=\u00bb{}\u00bb]<\/p>\n<p style=\"text-align: left;\"><span><span><a href=\"https:\/\/morialaznik.com\/es\/\">Home<\/a><\/span><\/span><\/p>\n<p>[\/et_pb_text][et_pb_text _builder_version=\u00bb4.27.4&#8243; text_font=\u00bb||||||||\u00bb header_font=\u00bb|700|||||||\u00bb header_font_size=\u00bb64px\u00bb header_line_height=\u00bb1.1em\u00bb background_layout=\u00bbdark\u00bb max_width=\u00bb800px\u00bb custom_margin=\u00bb||0px|\u00bb custom_padding=\u00bb|||16px\u00bb text_font_size_tablet=\u00bb14px\u00bb text_font_size_last_edited=\u00bboff|desktop\u00bb header_font_size_tablet=\u00bb44px\u00bb header_font_size_phone=\u00bb32px\u00bb header_font_size_last_edited=\u00bbon|phone\u00bb border_color_all=\u00bb#FFFFFF\u00bb border_width_left=\u00bb10px\u00bb global_colors_info=\u00bb{}\u00bb]<\/p>\n<h1>Clinica Le\u00f3n<\/h1>\n<p>[\/et_pb_text][et_pb_text admin_label=\u00bbTesto\u00bb _builder_version=\u00bb4.27.4&#8243; text_font=\u00bb||||||||\u00bb text_font_size=\u00bb22px\u00bb text_line_height=\u00bb1.6em\u00bb header_font=\u00bb||||||||\u00bb header_2_line_height=\u00bb1.2em\u00bb background_layout=\u00bbdark\u00bb max_width=\u00bb800px\u00bb custom_margin=\u00bb|||\u00bb custom_padding=\u00bb20px||20px||true\u00bb text_font_size_tablet=\u00bb18px\u00bb text_font_size_phone=\u00bb\u00bb text_font_size_last_edited=\u00bbon|phone\u00bb global_colors_info=\u00bb{}\u00bb]<\/p>\n<h2 class=\"p1\">Servicios de psic\u00f3logos y psicoterapeutas.<\/h2>\n<p>[\/et_pb_text][et_pb_text _builder_version=\u00bb4.24.0&#8243; header_font=\u00bb||||||||\u00bb header_2_font=\u00bb|700|||||||\u00bb header_2_text_color=\u00bb#FFFFFF\u00bb header_2_font_size=\u00bb32px\u00bb header_2_line_height=\u00bb1.2em\u00bb custom_margin=\u00bb|||\u00bb custom_padding=\u00bb|||\u00bb header_2_font_size_last_edited=\u00bboff|desktop\u00bb global_colors_info=\u00bb{}\u00bb]<\/p>\n<h2>CONTACTOS<\/h2>\n<p>[\/et_pb_text][et_pb_blurb title=\u00bbDirecci\u00f3n de la cl\u00ednica\u00bb use_icon=\u00bbon\u00bb font_icon=\u00bb&#xe01d;||divi||400&#8243; icon_color=\u00bb#ffffff\u00bb icon_placement=\u00bbleft\u00bb image_icon_width=\u00bb56px\u00bb content_max_width=\u00bb1100px\u00bb content_max_width_tablet=\u00bb1100px\u00bb content_max_width_last_edited=\u00bboff|desktop\u00bb _builder_version=\u00bb4.24.0&#8243; header_font=\u00bb|700|||||||\u00bb header_text_color=\u00bb#FFFFFF\u00bb header_line_height=\u00bb1.4em\u00bb body_font=\u00bb||||||||\u00bb background_layout=\u00bbdark\u00bb custom_margin=\u00bb|||\u00bb custom_padding=\u00bb|||\u00bb animation_style=\u00bbslide\u00bb animation_direction=\u00bbright\u00bb animation_intensity_slide=\u00bb10%\u00bb animation=\u00bboff\u00bb icon_font_size=\u00bb56px\u00bb global_colors_info=\u00bb{}\u00bb]<\/p>\n<p>Barcelona Placa Gala Placidia 8-10<br \/>Sant Cugat del Vall\u00e8s (pronto)<\/p>\n<p>[\/et_pb_blurb][et_pb_blurb title=\u00bbPonte en contacto conmigo\u00bb use_icon=\u00bbon\u00bb font_icon=\u00bb&#x76;||divi||400&#8243; icon_color=\u00bb#ffffff\u00bb icon_placement=\u00bbleft\u00bb image_icon_width=\u00bb56px\u00bb content_max_width=\u00bb1100px\u00bb content_max_width_tablet=\u00bb1100px\u00bb content_max_width_last_edited=\u00bboff|desktop\u00bb _builder_version=\u00bb4.27.4&#8243; header_font=\u00bb|700|||||||\u00bb header_text_color=\u00bb#FFFFFF\u00bb header_line_height=\u00bb1.4em\u00bb body_font=\u00bb||||||||\u00bb body_text_color=\u00bb#FFFFFF\u00bb background_layout=\u00bbdark\u00bb custom_margin=\u00bb|||\u00bb custom_padding=\u00bb|||\u00bb animation_style=\u00bbslide\u00bb animation_direction=\u00bbright\u00bb animation_intensity_slide=\u00bb10%\u00bb animation=\u00bboff\u00bb hover_enabled=\u00bb0&#8243; icon_font_size=\u00bb56px\u00bb global_colors_info=\u00bb{}\u00bb sticky_enabled=\u00bb0&#8243;]<span style=\"color: #ffffff;\"><strong><span style=\"text-decoration: underline;\">Consultas online o presenciales.<\/span><br \/>\nTel\u00e9fono<\/strong><\/span><br \/>\n<span style=\"color: #ffffff;\"><strong><a href=\"tel:+34623323223\" style=\"color: #ffffff;\">+34 623 32 32 23<\/a><br \/>\n<\/strong><\/span><\/p>\n<p><span style=\"color: #ffffff;\"><strong>Email<\/strong><\/span><br \/>\n<span style=\"color: #ffffff;\"><strong><a href=\"mailto:morialaznik123@gmail.com\" style=\"color: #ffffff;\">morialaznik123@gmail.com<\/a><\/strong><\/span><\/p>\n<p><span style=\"color: #ffffff;\"><strong>WhatsApp<br \/>\n<\/strong><\/span><strong><a href=\"https:\/\/wa.me\/+34623323223\" style=\"color: #ffffff;\">+34623323223<\/a><\/strong>[\/et_pb_blurb][\/et_pb_column][\/et_pb_row][\/et_pb_section][et_pb_section fb_built=\u00bb1&#8243; disabled_on=\u00bboff|off|off\u00bb admin_label=\u00bbsection\u00bb _builder_version=\u00bb4.24.0&#8243; custom_padding=\u00bb0px||0px||false|false\u00bb locked=\u00bboff\u00bb global_colors_info=\u00bb{}\u00bb][et_pb_row admin_label=\u00bbfila\u00bb _builder_version=\u00bb4.24.0&#8243; background_size=\u00bbinitial\u00bb background_position=\u00bbtop_left\u00bb background_repeat=\u00bbrepeat\u00bb width=\u00bb100%\u00bb max_width=\u00bb2560px\u00bb custom_margin=\u00bb||||false|false\u00bb custom_padding=\u00bb0px||0px||true|false\u00bb global_colors_info=\u00bb{}\u00bb][et_pb_column type=\u00bb4_4&#8243; _builder_version=\u00bb4.16&#8243; custom_padding=\u00bb|||\u00bb global_colors_info=\u00bb{}\u00bb custom_padding__hover=\u00bb|||\u00bb][et_pb_text admin_label=\u00bbText\u00bb _builder_version=\u00bb4.24.0&#8243; background_size=\u00bbinitial\u00bb background_position=\u00bbtop_left\u00bb background_repeat=\u00bbrepeat\u00bb global_colors_info=\u00bb{}\u00bb]<iframe src=\"https:\/\/www.google.com\/maps\/embed?pb=!1m18!1m12!1m3!1d2992.844598783689!2d2.150822076440239!3d41.39918109526298!2m3!1f0!2f0!3f0!3m2!1i1024!2i768!4f13.1!3m3!1m2!1s0x12a4a29848ea3637%3A0xc30e6a455a8bf7e9!2zUGxhw6dhIGRlIEdhbMK3bGEgUGxhY8OtZGlhLCA4LCAxMCwgR3LDoGNpYSwgMDgwMDYgQmFyY2Vsb25h!5e0!3m2!1sit!2ses!4v1706386861858!5m2!1sit!2ses\" width=\"100%\" height=\"450\" style=\"border:0;\" allowfullscreen=\"\" loading=\"lazy\" referrerpolicy=\"no-referrer-when-downgrade\"><\/iframe>[\/et_pb_text][\/et_pb_column][\/et_pb_row][\/et_pb_section]<\/p>\n","protected":false},"excerpt":{"rendered":"<p><span><span><a href=\"https:\/\/morialaznik.com\/es\/\">Home<\/a><\/span><\/span>Clinica Le\u00f3nServicios de psic\u00f3logos y psicoterapeutas.CONTACTOSBarcelona Placa Gala Placidia 8-10Sant Cugat del Vall\u00e8s (pronto)Consultas online o presenciales. Tel\u00e9fono +34 623 32 32 23 Email morialaznik123@gmail.com WhatsApp +34623323223<\/p>\n","protected":false},"author":1,"featured_media":0,"parent":0,"menu_order":0,"comment_status":"closed","ping_status":"closed","template":"","meta":{"_et_pb_use_builder":"on","_et_pb_old_content":"","_et_gb_content_width":"","footnotes":""},"class_list":["post-510","page","type-page","status-publish","hentry"],"yoast_head":"<!-- This site is optimized with the Yoast SEO plugin v27.4 - https:\/\/yoast.com\/product\/yoast-seo-wordpress\/ -->\n<title>Contactos - Clinica Le\u00f3n psychologists and psychoterapists<\/title>\n<meta name=\"robots\" content=\"index, follow, max-snippet:-1, max-image-preview:large, max-video-preview:-1\" \/>\n<link rel=\"canonical\" href=\"https:\/\/morialaznik.com\/es\/contactos\/\" \/>\n<meta property=\"og:locale\" content=\"es_ES\" \/>\n<meta property=\"og:type\" content=\"article\" \/>\n<meta property=\"og:title\" content=\"Contactos - Clinica Le\u00f3n psychologists and psychoterapists\" \/>\n<meta property=\"og:description\" content=\"Clinica Le\u00f3nServicios de psic\u00f3logos y psicoterapeutas.CONTACTOSBarcelona Placa Gala Placidia 8-10Sant Cugat del Vall\u00e8s (pronto)Consultas online o presenciales. Tel\u00e9fono +34 623 32 32 23 Email morialaznik123@gmail.com WhatsApp +34623323223\" \/>\n<meta property=\"og:url\" content=\"https:\/\/morialaznik.com\/es\/contactos\/\" \/>\n<meta property=\"og:site_name\" content=\"Clinica Le\u00f3n psychologists and psychoterapists\" \/>\n<meta property=\"article:modified_time\" content=\"2024-12-15T14:01:20+00:00\" \/>\n<meta name=\"twitter:card\" content=\"summary_large_image\" \/>\n<meta name=\"twitter:label1\" content=\"Tiempo de lectura\" \/>\n\t<meta name=\"twitter:data1\" content=\"4 minutos\" \/>\n<script type=\"application\/ld+json\" class=\"yoast-schema-graph\">{\"@context\":\"https:\\\/\\\/schema.org\",\"@graph\":[{\"@type\":\"WebPage\",\"@id\":\"https:\\\/\\\/morialaznik.com\\\/es\\\/contactos\\\/\",\"url\":\"https:\\\/\\\/morialaznik.com\\\/es\\\/contactos\\\/\",\"name\":\"Contactos - Clinica Le\u00f3n psychologists and psychoterapists\",\"isPartOf\":{\"@id\":\"https:\\\/\\\/morialaznik.com\\\/es\\\/#website\"},\"datePublished\":\"2023-04-12T13:31:49+00:00\",\"dateModified\":\"2024-12-15T14:01:20+00:00\",\"breadcrumb\":{\"@id\":\"https:\\\/\\\/morialaznik.com\\\/es\\\/contactos\\\/#breadcrumb\"},\"inLanguage\":\"es\",\"potentialAction\":[{\"@type\":\"ReadAction\",\"target\":[\"https:\\\/\\\/morialaznik.com\\\/es\\\/contactos\\\/\"]}]},{\"@type\":\"BreadcrumbList\",\"@id\":\"https:\\\/\\\/morialaznik.com\\\/es\\\/contactos\\\/#breadcrumb\",\"itemListElement\":[{\"@type\":\"ListItem\",\"position\":1,\"name\":\"Home\",\"item\":\"https:\\\/\\\/morialaznik.com\\\/es\\\/\"},{\"@type\":\"ListItem\",\"position\":2,\"name\":\"Contactos\"}]},{\"@type\":\"WebSite\",\"@id\":\"https:\\\/\\\/morialaznik.com\\\/es\\\/#website\",\"url\":\"https:\\\/\\\/morialaznik.com\\\/es\\\/\",\"name\":\"Moria Laznik psychologist\",\"description\":\"Psychologists and psychotherapists in Sant Cugat del Vall\u00e8s Barcelona\",\"publisher\":{\"@id\":\"https:\\\/\\\/morialaznik.com\\\/es\\\/#organization\"},\"potentialAction\":[{\"@type\":\"SearchAction\",\"target\":{\"@type\":\"EntryPoint\",\"urlTemplate\":\"https:\\\/\\\/morialaznik.com\\\/es\\\/?s={search_term_string}\"},\"query-input\":{\"@type\":\"PropertyValueSpecification\",\"valueRequired\":true,\"valueName\":\"search_term_string\"}}],\"inLanguage\":\"es\"},{\"@type\":\"Organization\",\"@id\":\"https:\\\/\\\/morialaznik.com\\\/es\\\/#organization\",\"name\":\"Moria Laznik psychologist\",\"url\":\"https:\\\/\\\/morialaznik.com\\\/es\\\/\",\"logo\":{\"@type\":\"ImageObject\",\"inLanguage\":\"es\",\"@id\":\"https:\\\/\\\/morialaznik.com\\\/es\\\/#\\\/schema\\\/logo\\\/image\\\/\",\"url\":\"https:\\\/\\\/morialaznik.com\\\/wp-content\\\/uploads\\\/2024\\\/01\\\/Logo-Moria-Laznik-psychologist-website.jpg\",\"contentUrl\":\"https:\\\/\\\/morialaznik.com\\\/wp-content\\\/uploads\\\/2024\\\/01\\\/Logo-Moria-Laznik-psychologist-website.jpg\",\"width\":746,\"height\":214,\"caption\":\"Moria Laznik psychologist\"},\"image\":{\"@id\":\"https:\\\/\\\/morialaznik.com\\\/es\\\/#\\\/schema\\\/logo\\\/image\\\/\"}}]}<\/script>\n<!-- \/ Yoast SEO plugin. -->","yoast_head_json":{"title":"Contactos - Clinica Le\u00f3n psychologists and psychoterapists","robots":{"index":"index","follow":"follow","max-snippet":"max-snippet:-1","max-image-preview":"max-image-preview:large","max-video-preview":"max-video-preview:-1"},"canonical":"https:\/\/morialaznik.com\/es\/contactos\/","og_locale":"es_ES","og_type":"article","og_title":"Contactos - Clinica Le\u00f3n psychologists and psychoterapists","og_description":"Clinica Le\u00f3nServicios de psic\u00f3logos y psicoterapeutas.CONTACTOSBarcelona Placa Gala Placidia 8-10Sant Cugat del Vall\u00e8s (pronto)Consultas online o presenciales. Tel\u00e9fono +34 623 32 32 23 Email morialaznik123@gmail.com WhatsApp +34623323223","og_url":"https:\/\/morialaznik.com\/es\/contactos\/","og_site_name":"Clinica Le\u00f3n psychologists and psychoterapists","article_modified_time":"2024-12-15T14:01:20+00:00","twitter_card":"summary_large_image","twitter_misc":{"Tiempo de lectura":"4 minutos"},"schema":{"@context":"https:\/\/schema.org","@graph":[{"@type":"WebPage","@id":"https:\/\/morialaznik.com\/es\/contactos\/","url":"https:\/\/morialaznik.com\/es\/contactos\/","name":"Contactos - Clinica Le\u00f3n psychologists and psychoterapists","isPartOf":{"@id":"https:\/\/morialaznik.com\/es\/#website"},"datePublished":"2023-04-12T13:31:49+00:00","dateModified":"2024-12-15T14:01:20+00:00","breadcrumb":{"@id":"https:\/\/morialaznik.com\/es\/contactos\/#breadcrumb"},"inLanguage":"es","potentialAction":[{"@type":"ReadAction","target":["https:\/\/morialaznik.com\/es\/contactos\/"]}]},{"@type":"BreadcrumbList","@id":"https:\/\/morialaznik.com\/es\/contactos\/#breadcrumb","itemListElement":[{"@type":"ListItem","position":1,"name":"Home","item":"https:\/\/morialaznik.com\/es\/"},{"@type":"ListItem","position":2,"name":"Contactos"}]},{"@type":"WebSite","@id":"https:\/\/morialaznik.com\/es\/#website","url":"https:\/\/morialaznik.com\/es\/","name":"Moria Laznik psychologist","description":"Psychologists and psychotherapists in Sant Cugat del Vall\u00e8s Barcelona","publisher":{"@id":"https:\/\/morialaznik.com\/es\/#organization"},"potentialAction":[{"@type":"SearchAction","target":{"@type":"EntryPoint","urlTemplate":"https:\/\/morialaznik.com\/es\/?s={search_term_string}"},"query-input":{"@type":"PropertyValueSpecification","valueRequired":true,"valueName":"search_term_string"}}],"inLanguage":"es"},{"@type":"Organization","@id":"https:\/\/morialaznik.com\/es\/#organization","name":"Moria Laznik psychologist","url":"https:\/\/morialaznik.com\/es\/","logo":{"@type":"ImageObject","inLanguage":"es","@id":"https:\/\/morialaznik.com\/es\/#\/schema\/logo\/image\/","url":"https:\/\/morialaznik.com\/wp-content\/uploads\/2024\/01\/Logo-Moria-Laznik-psychologist-website.jpg","contentUrl":"https:\/\/morialaznik.com\/wp-content\/uploads\/2024\/01\/Logo-Moria-Laznik-psychologist-website.jpg","width":746,"height":214,"caption":"Moria Laznik psychologist"},"image":{"@id":"https:\/\/morialaznik.com\/es\/#\/schema\/logo\/image\/"}}]}},"_links":{"self":[{"href":"https:\/\/morialaznik.com\/es\/wp-json\/wp\/v2\/pages\/510","targetHints":{"allow":["GET"]}}],"collection":[{"href":"https:\/\/morialaznik.com\/es\/wp-json\/wp\/v2\/pages"}],"about":[{"href":"https:\/\/morialaznik.com\/es\/wp-json\/wp\/v2\/types\/page"}],"author":[{"embeddable":true,"href":"https:\/\/morialaznik.com\/es\/wp-json\/wp\/v2\/users\/1"}],"replies":[{"embeddable":true,"href":"https:\/\/morialaznik.com\/es\/wp-json\/wp\/v2\/comments?post=510"}],"version-history":[{"count":12,"href":"https:\/\/morialaznik.com\/es\/wp-json\/wp\/v2\/pages\/510\/revisions"}],"predecessor-version":[{"id":850,"href":"https:\/\/morialaznik.com\/es\/wp-json\/wp\/v2\/pages\/510\/revisions\/850"}],"wp:attachment":[{"href":"https:\/\/morialaznik.com\/es\/wp-json\/wp\/v2\/media?parent=510"}],"curies":[{"name":"wp","href":"https:\/\/api.w.org\/{rel}","templated":true}]}}