{"id":531,"date":"2024-02-01T20:16:26","date_gmt":"2024-02-01T19:16:26","guid":{"rendered":"https:\/\/morialaznik.com\/nota-legal\/"},"modified":"2024-02-26T18:23:58","modified_gmt":"2024-02-26T17:23:58","slug":"nota-legal","status":"publish","type":"page","link":"https:\/\/morialaznik.com\/es\/nota-legal\/","title":{"rendered":"Nota legal"},"content":{"rendered":"<p>[et_pb_section fb_built=\u00bb1&#8243; admin_label=\u00bbsection\u00bb _builder_version=\u00bb4.16&#8243; global_colors_info=\u00bb{}\u00bb][et_pb_row admin_label=\u00bbfila\u00bb _builder_version=\u00bb4.16&#8243; background_size=\u00bbinitial\u00bb background_position=\u00bbtop_left\u00bb background_repeat=\u00bbrepeat\u00bb global_colors_info=\u00bb{}\u00bb][et_pb_column type=\u00bb4_4&#8243; _builder_version=\u00bb4.16&#8243; custom_padding=\u00bb|||\u00bb global_colors_info=\u00bb{}\u00bb custom_padding__hover=\u00bb|||\u00bb][et_pb_text admin_label=\u00bbText\u00bb _builder_version=\u00bb4.24.2&#8243; background_size=\u00bbinitial\u00bb background_position=\u00bbtop_left\u00bb background_repeat=\u00bbrepeat\u00bb hover_enabled=\u00bb0&#8243; global_colors_info=\u00bb{}\u00bb sticky_enabled=\u00bb0&#8243;]<\/p>\n<h1 style=\"text-align: center;\"><strong>NOTA LEGAL<\/strong><\/h1>\n<p>En cumplimiento del deber de informaci\u00f3n recogido en el art\u00edculo 10 de la Ley 34\/2002, de 11 de julio, de Servicios de la Sociedad de la Informaci\u00f3n y de Comercio Electr\u00f3nico, le informamos que el Sitio Web y el portal de Internet <strong><a href=\"www.morialaznik%20.com\">www.morialaznik.com<\/a><\/strong> (en adelante, el \u201cSitio Web\u201d) \u201d) es propiedad de Mor\u00eda Laznik (Strauss). El presente aviso legal regula las condiciones de uso del citado portal de Internet.<\/p>\n<p><strong>Ley aplicable y jurisdicci\u00f3n<\/strong><\/p>\n<p>Con car\u00e1cter general, las relaciones entre Mor\u00eda Laznik y los usuarios de sus servicios telem\u00e1ticos, presentes en el sitio web, se encuentran sometidas a la legislaci\u00f3n y jurisdicci\u00f3n espa\u00f1ola.<\/p>\n<p>Las partes renuncian expresamente a cualquier fuero que les pueda corresponder y se someten expresamente a los Juzgados y Tribunales de Barcelona para resolver cualquier controversia que pueda surgir en la interpretaci\u00f3n o ejecuci\u00f3n de las presentes condiciones contractuales.<\/p>\n<p><strong>Aceptacion de usuario<\/strong><\/p>\n<p>Este Aviso Legal regula el acceso y uso del sitio web que Moria Laznik pone a disposici\u00f3n de los usuarios de Internet. Se considera usuario a la persona que accede, navega, utiliza o participa en los servicios y actividades del sitio web.<\/p>\n<p>El usuario queda informado, y acepta, que el acceso a este sitio web no supone, en ning\u00fan caso, el inicio de una relaci\u00f3n comercial con Mor\u00eda Laznik.<\/p>\n<p>El acceso y navegaci\u00f3n en el sitio web por parte del usuario implica la aceptaci\u00f3n de todas las presentes Condiciones de Uso. En caso de desacuerdo con las condiciones deber\u00e1 abstenerse de utilizar el sitio web.<\/p>\n<p><strong>Acceso web<\/strong><\/p>\n<p>El acceso al sitio web por parte de los usuarios tiene car\u00e1cter gratuito. Algunos servicios pueden estar sujetos a la contrataci\u00f3n previa del servicio.<\/p>\n<p>Si es necesario que el usuario facilite datos de car\u00e1cter personal para acceder a alguno de los servicios, la recogida y tratamiento de los datos se realiza de conformidad con la normativa vigente, en concreto con el RGPD. Para m\u00e1s informaci\u00f3n, consulte nuestra pol\u00edtica de privacidad www.morialaznik.com.<\/p>\n<p><strong>Contenido y uso<\/strong><\/p>\n<p>La visita al sitio web por parte del usuario deber\u00e1 realizarse de forma responsable y de conformidad con la legislaci\u00f3n vigente, la buena fe, el presente Aviso Legal y respetando los derechos de propiedad intelectual e industrial titularidad de Mor\u00eda Laznik o cualquier otra persona f\u00edsica o jur\u00eddica.<\/p>\n<p>Queda totalmente prohibido el uso de cualquiera de los contenidos del sitio web con fines o que puedan ser il\u00edcitos, as\u00ed como la realizaci\u00f3n de cualquier acci\u00f3n que cause o pueda causar da\u00f1os o alteraciones de cualquier clase no consentidas por Mor\u00eda Laznik, en el sitio web. o su contenido.<\/p>\n<p>El propietario del sitio web no se identifica con las opiniones vertidas en el mismo por sus colaboradores. La empresa se reserva el derecho a realizar las modificaciones que considere oportunas en su Sitio Web sin previo aviso, pudiendo cambiar, eliminar o a\u00f1adir tanto los contenidos y servicios que se prestan a trav\u00e9s del mismo como la forma en que se presentan o ubican en sus servidores.<\/p>\n<p><strong>Propiedad intelectual e industrial<\/strong><\/p>\n<p>Los derechos de propiedad intelectual del contenido de las p\u00e1ginas web, su dise\u00f1o gr\u00e1fico y c\u00f3digos son titularidad de Moria Laznik y, por tanto, queda prohibida su reproducci\u00f3n, distribuci\u00f3n, comunicaci\u00f3n p\u00fablica, transformaci\u00f3n o cualquier otra actividad que se realice con los contenidos del sitio web. sitio web, ni siquiera citando las fuentes, salvo consentimiento previo, expreso y por escrito de Mor\u00eda Laznik. Todos los nombres comerciales, marcas o signos distintivos de cualquier clase contenidos en los sitios web de la empresa son propiedad de sus due\u00f1os y est\u00e1n protegidos por ley.<\/p>\n<p>Moria Laznik no concede ninguna licencia o autorizaci\u00f3n de uso de ninguna clase sobre sus derechos de propiedad intelectual e industrial o sobre cualquier otra propiedad o derecho relacionado con el sitio web, y en ning\u00fan caso se entender\u00e1 que el acceso y navegaci\u00f3n de los usuarios implica un renuncia, transmisi\u00f3n, licencia o cesi\u00f3n total o parcial de dichos derechos por parte de Mor\u00eda Laznik.<br \/>Cualquier uso de estos contenidos no autorizado previamente por parte de Moria Laznik ser\u00e1 considerado un incumplimiento grave de los derechos de propiedad intelectual o industrial y dar\u00e1 lugar a las responsabilidades legalmente establecidas. Mor\u00eda Laznik se reserva el derecho de ejercitar las acciones judiciales y extrajudiciales que correspondan contra el usuario.<\/p>\n<p><strong>Responsabilidad y garant\u00edas<\/strong><\/p>\n<p>Mor\u00eda Laznik declara haber adoptado las medidas necesarias que, dentro de sus posibilidades y el estado de la tecnolog\u00eda, permitan el correcto funcionamiento de su sitio web, as\u00ed como la ausencia de virus y componentes da\u00f1inos. No obstante, Mor\u00eda Laznik no se hace responsable de las siguientes situaciones que se enumeran a t\u00edtulo enunciativo pero no limitativo:<\/p>\n<p>La continuidad y disponibilidad de los Contenidos.<\/p>\n<p>La ausencia de errores en dichos Contenidos o la correcci\u00f3n<\/p>\n<p>[\/et_pb_text][\/et_pb_column][\/et_pb_row][\/et_pb_section]<\/p>\n","protected":false},"excerpt":{"rendered":"<p>NOTA LEGAL En cumplimiento del deber de informaci\u00f3n recogido en el art\u00edculo 10 de la Ley 34\/2002, de 11 de julio, de Servicios de la Sociedad de la Informaci\u00f3n y de Comercio Electr\u00f3nico, le informamos que el Sitio Web y el portal de Internet www.morialaznik.com (en adelante, el \u201cSitio Web\u201d) \u201d) es propiedad de Mor\u00eda [&hellip;]<\/p>\n","protected":false},"author":1,"featured_media":0,"parent":0,"menu_order":0,"comment_status":"closed","ping_status":"closed","template":"","meta":{"_et_pb_use_builder":"on","_et_pb_old_content":"","_et_gb_content_width":"","footnotes":""},"class_list":["post-531","page","type-page","status-publish","hentry"],"yoast_head":"<!-- This site is optimized with the Yoast SEO plugin v27.4 - https:\/\/yoast.com\/product\/yoast-seo-wordpress\/ -->\n<title>Nota legal - Clinica Le\u00f3n psychologists and psychoterapists<\/title>\n<meta name=\"robots\" content=\"index, follow, max-snippet:-1, max-image-preview:large, max-video-preview:-1\" \/>\n<link rel=\"canonical\" href=\"https:\/\/morialaznik.com\/es\/nota-legal\/\" \/>\n<meta property=\"og:locale\" content=\"es_ES\" \/>\n<meta property=\"og:type\" content=\"article\" \/>\n<meta property=\"og:title\" content=\"Nota legal - Clinica Le\u00f3n psychologists and psychoterapists\" \/>\n<meta property=\"og:description\" content=\"NOTA LEGAL En cumplimiento del deber de informaci\u00f3n recogido en el art\u00edculo 10 de la Ley 34\/2002, de 11 de julio, de Servicios de la Sociedad de la Informaci\u00f3n y de Comercio Electr\u00f3nico, le informamos que el Sitio Web y el portal de Internet www.morialaznik.com (en adelante, el \u201cSitio Web\u201d) \u201d) es propiedad de Mor\u00eda [&hellip;]\" \/>\n<meta property=\"og:url\" content=\"https:\/\/morialaznik.com\/es\/nota-legal\/\" \/>\n<meta property=\"og:site_name\" content=\"Clinica Le\u00f3n psychologists and psychoterapists\" \/>\n<meta property=\"article:modified_time\" content=\"2024-02-26T17:23:58+00:00\" \/>\n<meta name=\"twitter:card\" content=\"summary_large_image\" \/>\n<meta name=\"twitter:label1\" content=\"Tiempo de lectura\" \/>\n\t<meta name=\"twitter:data1\" content=\"5 minutos\" \/>\n<script type=\"application\/ld+json\" class=\"yoast-schema-graph\">{\"@context\":\"https:\\\/\\\/schema.org\",\"@graph\":[{\"@type\":\"WebPage\",\"@id\":\"https:\\\/\\\/morialaznik.com\\\/es\\\/nota-legal\\\/\",\"url\":\"https:\\\/\\\/morialaznik.com\\\/es\\\/nota-legal\\\/\",\"name\":\"Nota legal - Clinica Le\u00f3n psychologists and psychoterapists\",\"isPartOf\":{\"@id\":\"https:\\\/\\\/morialaznik.com\\\/es\\\/#website\"},\"datePublished\":\"2024-02-01T19:16:26+00:00\",\"dateModified\":\"2024-02-26T17:23:58+00:00\",\"breadcrumb\":{\"@id\":\"https:\\\/\\\/morialaznik.com\\\/es\\\/nota-legal\\\/#breadcrumb\"},\"inLanguage\":\"es\",\"potentialAction\":[{\"@type\":\"ReadAction\",\"target\":[\"https:\\\/\\\/morialaznik.com\\\/es\\\/nota-legal\\\/\"]}]},{\"@type\":\"BreadcrumbList\",\"@id\":\"https:\\\/\\\/morialaznik.com\\\/es\\\/nota-legal\\\/#breadcrumb\",\"itemListElement\":[{\"@type\":\"ListItem\",\"position\":1,\"name\":\"Home\",\"item\":\"https:\\\/\\\/morialaznik.com\\\/es\\\/\"},{\"@type\":\"ListItem\",\"position\":2,\"name\":\"Nota legal\"}]},{\"@type\":\"WebSite\",\"@id\":\"https:\\\/\\\/morialaznik.com\\\/es\\\/#website\",\"url\":\"https:\\\/\\\/morialaznik.com\\\/es\\\/\",\"name\":\"Moria Laznik psychologist\",\"description\":\"Psychologists and psychotherapists in Sant Cugat del Vall\u00e8s Barcelona\",\"publisher\":{\"@id\":\"https:\\\/\\\/morialaznik.com\\\/es\\\/#organization\"},\"potentialAction\":[{\"@type\":\"SearchAction\",\"target\":{\"@type\":\"EntryPoint\",\"urlTemplate\":\"https:\\\/\\\/morialaznik.com\\\/es\\\/?s={search_term_string}\"},\"query-input\":{\"@type\":\"PropertyValueSpecification\",\"valueRequired\":true,\"valueName\":\"search_term_string\"}}],\"inLanguage\":\"es\"},{\"@type\":\"Organization\",\"@id\":\"https:\\\/\\\/morialaznik.com\\\/es\\\/#organization\",\"name\":\"Moria Laznik psychologist\",\"url\":\"https:\\\/\\\/morialaznik.com\\\/es\\\/\",\"logo\":{\"@type\":\"ImageObject\",\"inLanguage\":\"es\",\"@id\":\"https:\\\/\\\/morialaznik.com\\\/es\\\/#\\\/schema\\\/logo\\\/image\\\/\",\"url\":\"https:\\\/\\\/morialaznik.com\\\/wp-content\\\/uploads\\\/2024\\\/01\\\/Logo-Moria-Laznik-psychologist-website.jpg\",\"contentUrl\":\"https:\\\/\\\/morialaznik.com\\\/wp-content\\\/uploads\\\/2024\\\/01\\\/Logo-Moria-Laznik-psychologist-website.jpg\",\"width\":746,\"height\":214,\"caption\":\"Moria Laznik psychologist\"},\"image\":{\"@id\":\"https:\\\/\\\/morialaznik.com\\\/es\\\/#\\\/schema\\\/logo\\\/image\\\/\"}}]}<\/script>\n<!-- \/ Yoast SEO plugin. -->","yoast_head_json":{"title":"Nota legal - Clinica Le\u00f3n psychologists and psychoterapists","robots":{"index":"index","follow":"follow","max-snippet":"max-snippet:-1","max-image-preview":"max-image-preview:large","max-video-preview":"max-video-preview:-1"},"canonical":"https:\/\/morialaznik.com\/es\/nota-legal\/","og_locale":"es_ES","og_type":"article","og_title":"Nota legal - Clinica Le\u00f3n psychologists and psychoterapists","og_description":"NOTA LEGAL En cumplimiento del deber de informaci\u00f3n recogido en el art\u00edculo 10 de la Ley 34\/2002, de 11 de julio, de Servicios de la Sociedad de la Informaci\u00f3n y de Comercio Electr\u00f3nico, le informamos que el Sitio Web y el portal de Internet www.morialaznik.com (en adelante, el \u201cSitio Web\u201d) \u201d) es propiedad de Mor\u00eda [&hellip;]","og_url":"https:\/\/morialaznik.com\/es\/nota-legal\/","og_site_name":"Clinica Le\u00f3n psychologists and psychoterapists","article_modified_time":"2024-02-26T17:23:58+00:00","twitter_card":"summary_large_image","twitter_misc":{"Tiempo de lectura":"5 minutos"},"schema":{"@context":"https:\/\/schema.org","@graph":[{"@type":"WebPage","@id":"https:\/\/morialaznik.com\/es\/nota-legal\/","url":"https:\/\/morialaznik.com\/es\/nota-legal\/","name":"Nota legal - Clinica Le\u00f3n psychologists and psychoterapists","isPartOf":{"@id":"https:\/\/morialaznik.com\/es\/#website"},"datePublished":"2024-02-01T19:16:26+00:00","dateModified":"2024-02-26T17:23:58+00:00","breadcrumb":{"@id":"https:\/\/morialaznik.com\/es\/nota-legal\/#breadcrumb"},"inLanguage":"es","potentialAction":[{"@type":"ReadAction","target":["https:\/\/morialaznik.com\/es\/nota-legal\/"]}]},{"@type":"BreadcrumbList","@id":"https:\/\/morialaznik.com\/es\/nota-legal\/#breadcrumb","itemListElement":[{"@type":"ListItem","position":1,"name":"Home","item":"https:\/\/morialaznik.com\/es\/"},{"@type":"ListItem","position":2,"name":"Nota legal"}]},{"@type":"WebSite","@id":"https:\/\/morialaznik.com\/es\/#website","url":"https:\/\/morialaznik.com\/es\/","name":"Moria Laznik psychologist","description":"Psychologists and psychotherapists in Sant Cugat del Vall\u00e8s Barcelona","publisher":{"@id":"https:\/\/morialaznik.com\/es\/#organization"},"potentialAction":[{"@type":"SearchAction","target":{"@type":"EntryPoint","urlTemplate":"https:\/\/morialaznik.com\/es\/?s={search_term_string}"},"query-input":{"@type":"PropertyValueSpecification","valueRequired":true,"valueName":"search_term_string"}}],"inLanguage":"es"},{"@type":"Organization","@id":"https:\/\/morialaznik.com\/es\/#organization","name":"Moria Laznik psychologist","url":"https:\/\/morialaznik.com\/es\/","logo":{"@type":"ImageObject","inLanguage":"es","@id":"https:\/\/morialaznik.com\/es\/#\/schema\/logo\/image\/","url":"https:\/\/morialaznik.com\/wp-content\/uploads\/2024\/01\/Logo-Moria-Laznik-psychologist-website.jpg","contentUrl":"https:\/\/morialaznik.com\/wp-content\/uploads\/2024\/01\/Logo-Moria-Laznik-psychologist-website.jpg","width":746,"height":214,"caption":"Moria Laznik psychologist"},"image":{"@id":"https:\/\/morialaznik.com\/es\/#\/schema\/logo\/image\/"}}]}},"_links":{"self":[{"href":"https:\/\/morialaznik.com\/es\/wp-json\/wp\/v2\/pages\/531","targetHints":{"allow":["GET"]}}],"collection":[{"href":"https:\/\/morialaznik.com\/es\/wp-json\/wp\/v2\/pages"}],"about":[{"href":"https:\/\/morialaznik.com\/es\/wp-json\/wp\/v2\/types\/page"}],"author":[{"embeddable":true,"href":"https:\/\/morialaznik.com\/es\/wp-json\/wp\/v2\/users\/1"}],"replies":[{"embeddable":true,"href":"https:\/\/morialaznik.com\/es\/wp-json\/wp\/v2\/comments?post=531"}],"version-history":[{"count":10,"href":"https:\/\/morialaznik.com\/es\/wp-json\/wp\/v2\/pages\/531\/revisions"}],"predecessor-version":[{"id":543,"href":"https:\/\/morialaznik.com\/es\/wp-json\/wp\/v2\/pages\/531\/revisions\/543"}],"wp:attachment":[{"href":"https:\/\/morialaznik.com\/es\/wp-json\/wp\/v2\/media?parent=531"}],"curies":[{"name":"wp","href":"https:\/\/api.w.org\/{rel}","templated":true}]}}