{"id":824,"date":"2024-12-14T18:25:27","date_gmt":"2024-12-14T17:25:27","guid":{"rendered":"https:\/\/morialaznik.com\/ana-carolina-pacheco-arevalo\/"},"modified":"2024-12-15T15:23:26","modified_gmt":"2024-12-15T14:23:26","slug":"ana-carolina-pacheco-arevalo","status":"publish","type":"page","link":"https:\/\/morialaznik.com\/es\/ana-carolina-pacheco-arevalo\/","title":{"rendered":"Ana Carolina Pacheco Ar\u00e9valo"},"content":{"rendered":"<p>[et_pb_section fb_built=\u00bb1&#8243; disabled_on=\u00bboff|off|off\u00bb admin_label=\u00bbIntro Section\u00bb _builder_version=\u00bb4.27.4&#8243; _module_preset=\u00bbdefault\u00bb background_color=\u00bb#1bba00&#8243; background_enable_image=\u00bboff\u00bb custom_padding=\u00bb|0px||0px|false|false\u00bb locked=\u00bboff\u00bb global_colors_info=\u00bb{}\u00bb][et_pb_row _builder_version=\u00bb4.23.1&#8243; _module_preset=\u00bbdefault\u00bb global_colors_info=\u00bb{}\u00bb][et_pb_column type=\u00bb4_4&#8243; _builder_version=\u00bb4.23.1&#8243; _module_preset=\u00bbdefault\u00bb global_colors_info=\u00bb{}\u00bb][et_pb_text _builder_version=\u00bb4.23.1&#8243; _module_preset=\u00bbdefault\u00bb text_font=\u00bb||||||||\u00bb text_text_color=\u00bb#FFFFFF\u00bb link_font=\u00bb||||||||\u00bb link_text_color=\u00bb#FFFFFF\u00bb global_colors_info=\u00bb{}\u00bb]<\/p>\n<p style=\"text-align: center;\"><span><span><a href=\"https:\/\/morialaznik.com\/es\/\">Home<\/a><\/span><\/span><\/p>\n<p>[\/et_pb_text][et_pb_text _builder_version=\u00bb4.27.4&#8243; _module_preset=\u00bbdefault\u00bb header_font=\u00bb|||on|||||\u00bb header_text_color=\u00bb#FFFFFF\u00bb header_font_size=\u00bb40px\u00bb hover_enabled=\u00bb0&#8243; global_colors_info=\u00bb{}\u00bb sticky_enabled=\u00bb0&#8243;]<\/p>\n<h1 style=\"text-align: center;\"><strong>Ana Carolina Pacheco Ar\u00e9valo<\/strong><\/h1>\n<p>[\/et_pb_text][\/et_pb_column][\/et_pb_row][\/et_pb_section][et_pb_section fb_built=\u00bb1&#8243; admin_label=\u00bbContact Section\u00bb _builder_version=\u00bb4.20.0&#8243; _module_preset=\u00bbdefault\u00bb background_color=\u00bb#FFFFFF\u00bb use_background_color_gradient=\u00bbon\u00bb background_color_gradient_stops=\u00bb#ffffff 20%|rgba(255,255,255,0) 80%\u00bb background_color_gradient_overlays_image=\u00bbon\u00bb background_color_gradient_start=\u00bb#ffffff\u00bb background_color_gradient_start_position=\u00bb20%\u00bb background_color_gradient_end=\u00bbrgba(255,255,255,0)\u00bb background_color_gradient_end_position=\u00bb80%\u00bb background_enable_image=\u00bboff\u00bb background_position=\u00bbbottom_center\u00bb custom_padding=\u00bb20px||20px||true|false\u00bb saved_tabs=\u00bball\u00bb locked=\u00bboff\u00bb global_colors_info=\u00bb{}\u00bb][et_pb_row column_structure=\u00bb1_2,1_2&#8243; _builder_version=\u00bb4.23.1&#8243; _module_preset=\u00bbdefault\u00bb width=\u00bb90%\u00bb max_width=\u00bb2560px\u00bb global_colors_info=\u00bb{}\u00bb][et_pb_column type=\u00bb1_2&#8243; _builder_version=\u00bb4.20.0&#8243; _module_preset=\u00bbdefault\u00bb global_colors_info=\u00bb{}\u00bb][et_pb_divider divider_weight=\u00bb3px\u00bb disabled_on=\u00bboff|off|off\u00bb _builder_version=\u00bb4.23.1&#8243; background_color_gradient_direction=\u00bb90deg\u00bb max_width=\u00bb100px\u00bb module_alignment=\u00bbleft\u00bb height=\u00bb5px\u00bb custom_margin=\u00bb||20px|\u00bb custom_padding=\u00bb||20px|\u00bb animation_style=\u00bbslide\u00bb animation_direction=\u00bbbottom\u00bb saved_tabs=\u00bball\u00bb locked=\u00bboff\u00bb global_colors_info=\u00bb{}\u00bb][\/et_pb_divider][et_pb_text _builder_version=\u00bb4.27.4&#8243; _module_preset=\u00bbdefault\u00bb text_font=\u00bb||||||||\u00bb header_2_font=\u00bb|600|||||||\u00bb header_2_font_size=\u00bb30px\u00bb header_2_line_height=\u00bb1.2em\u00bb custom_padding=\u00bb20px||20px||true|false\u00bb global_colors_info=\u00bb{}\u00bb]<\/p>\n<h2 class=\"main-title bigTitle\" id=\"mission-di-riduzione-degli-sprechi-alimentari\">Ana Carolina Pacheco Ar\u00e9valo, psic\u00f3loga y docente universitaria<\/h2>\n<p>&nbsp;<\/p>\n<p><strong><span>Sobre Ana<\/span><\/strong><span><br \/>Ana es psic\u00f3loga y docente universitaria, reconocida por su compromiso acad\u00e9mico y su experiencia pr\u00e1ctica. Es psic\u00f3loga con formaci\u00f3n basada en un enfoque sist\u00e9mico familiar. Complet\u00f3 una Maestr\u00eda en Psicolog\u00eda Cl\u00ednica y de la Salud en la Universidad Aut\u00f3noma de Barcelona (UAB) y actualmente es estudiante de Doctorado en la misma instituci\u00f3n.  <\/span><\/p>\n<p><span><br \/>Con un enfoque integral que incluye el trabajo con el entorno familiar para promover cambios sostenibles y mejorar la din\u00e1mica relacional, Ana ha destacado por su capacidad de empat\u00eda y su habilidad para generar espacios de contenci\u00f3n y confianza que fortalecen las relaciones humanas. Adem\u00e1s, tiene experiencia en el tratamiento de la depresi\u00f3n, la ansiedad, los trastornos alimenticios y adolescentes en riesgo. <\/span><\/p>\n<p><span><br \/>Ante todo, Ana es una psic\u00f3loga apasionada por ayudar y comprender a las personas, gui\u00e1ndose en sus procesos de cambio y crecimiento personal. Su carrera est\u00e1 marcada por una activa participaci\u00f3n en m\u00e1s de ocho grupos de investigaci\u00f3n en psicolog\u00eda cl\u00ednica, as\u00ed como por su rol como docente universitaria, donde combina su pasi\u00f3n por la ense\u00f1anza con su experiencia pr\u00e1ctica. Su inter\u00e9s profesional se centra en la psicolog\u00eda de los v\u00ednculos, los cambios transformadores que surgen al romper patrones de din\u00e1micas familiares disfuncionales y el tratamiento de alteraciones del estado de \u00e1nimo.  <\/span><span><\/span><\/p>\n<p>[\/et_pb_text][et_pb_toggle title=\u00bbExperiencia profesional (ver m\u00e1s)\u00bb icon_color=\u00bb#1bba00&#8243; _builder_version=\u00bb4.27.4&#8243; _module_preset=\u00bbdefault\u00bb global_colors_info=\u00bb{}\u00bb]<\/p>\n<p>&nbsp;<\/p>\n<ul>\n<li><strong><span>Psic\u00f3loga<\/span><\/strong><span>Pr\u00e1ctica privada (2016-actualidad).<\/span><\/li>\n<li><strong><span>Tutora Universitaria<\/span><\/strong><span>, cursos sobre Trastornos de Adultos, Investigaci\u00f3n Cuantitativa y Psicolog\u00eda de la Salud.<\/span><\/li>\n<li><strong><span>Transparencia Profesional<\/span><\/strong><span>, GIZ &#8211; Asociaci\u00f3n de Municipios del Catatumbo, Provincia de Oca\u00f1a y Sur del Cesar (Noviembre 2023-Julio 2024).<\/span><\/li>\n<li><strong><span>Contratista<\/span><\/strong><span>C\u00e1mara de Representantes &#8211; Congreso de la Rep\u00fablica de Colombia (marzo 2024-agosto 2024).<\/span><\/li>\n<li><strong><span>Profesor de Investigaci\u00f3n<\/span><\/strong><span>, Grupo Communis, Universidad Francisco de Paula Santander Oca\u00f1a (Agosto 2022-actualidad).<\/span><\/li>\n<li><strong><span>Profesora Adjunta<\/span><\/strong><span>, Universidad Francisco de Paula Santander Oca\u00f1a (agosto 2018-junio 2024).<\/span><\/li>\n<\/ul>\n<p><strong><span>Educaci\u00f3n<\/span><\/strong><\/p>\n<ul>\n<li><strong><span>Doctorado en Psicolog\u00eda Cl\u00ednica y de la Salud<\/span><\/strong><span> (en curso), Universidad Aut\u00f3noma de Barcelona.<\/span><\/li>\n<li><strong><span>M\u00e1ster en Investigaci\u00f3n en Psicolog\u00eda Cl\u00ednica y de la Salud<\/span><\/strong><span>, Universidad Aut\u00f3noma de Barcelona.<\/span><\/li>\n<li><strong><span>Licenciada en Psicolog\u00eda<\/span><\/strong><span>, Universidad Santo Tom\u00e1s.<\/span><\/li>\n<\/ul>\n<p><strong><span>Formaci\u00f3n adicional<\/span><\/strong><\/p>\n<ul>\n<li><strong><span>Terapia Breve Estrat\u00e9gica<\/span><\/strong><span>Centro de Terapia Breve Estrat\u00e9gica de Bogot\u00e1.<\/span><\/li>\n<li><strong>Diplomado en Inteligencia Emocional<\/strong>, Polit\u00e9cnico Superior de Colombia.<\/li>\n<li><strong><span>DUA y PIAR para la Educaci\u00f3n Inclusiva<\/span><\/strong><span>curso especializado de Save the Children \/ Universidad de la Sabana.<\/span><\/li>\n<li><strong><span>Diplomado en Promoci\u00f3n de la Salud Mental en Contextos de Educaci\u00f3n Superior<\/span><\/strong><span>Ministerio de Educaci\u00f3n Nacional.<\/span><\/li>\n<li><strong><span>Curso Modelo de Planificaci\u00f3n y Gesti\u00f3n Integradas<\/span><\/strong><span>Departamento de la Funci\u00f3n P\u00fablica.<\/span><\/li>\n<li><strong><span>Formaci\u00f3n en Salud Mental y Psiquiatr\u00eda<\/span><\/strong><span>, Asociaci\u00f3n Cient\u00edfica de Estudiantes de Medicina, UPTC.<\/span><\/li>\n<li><strong><span>Curso de Primeros Auxilios Psicol\u00f3gicos<\/span><\/strong><span>Universidad Aut\u00f3noma de Barcelona.<\/span><\/li>\n<li><strong><span>Formaci\u00f3n de Inducci\u00f3n Pedag\u00f3gica<\/span><\/strong><span>, Divisi\u00f3n de Postgrado, Universidad Francisco de Paula Santander Oca\u00f1a.<\/span><\/li>\n<li><strong><span>Formaci\u00f3n en Pedagog\u00eda y Did\u00e1ctica<\/span><\/strong><span>, Universidad Santo Tom\u00e1s.<\/span><\/li>\n<li><strong><span>Seminario Entornos Saludables<\/span><\/strong><span>Universidad Santo Tom\u00e1s.<\/span><\/li>\n<\/ul>\n<p><strong><span>Participaci\u00f3n en proyectos de investigaci\u00f3n<\/span><\/strong><\/p>\n<ul>\n<li><strong><span>Procesos de Regulaci\u00f3n Emocional y Satisfacci\u00f3n con la Educaci\u00f3n Virtual en Estudiantes Universitarios Durante la Pandemia del Covid-19<\/span><\/strong><span>Prof. Dr. Joaqu\u00edn Limonero y Prof. Dra. Mar\u00eda Jos\u00e9 G\u00f3mez (2020).<\/span><\/li>\n<li><strong><span>Estr\u00e9s y Estrategias de Afrontamiento en Profesionales Sanitarios de UCI por Covid-19: Protocolo de Estudio en Poblaci\u00f3n Latinoamericana<\/span><\/strong><span>Prof. Dr. Antoni Sanz (2021).<\/span><\/li>\n<li><strong><span>Estudio de la Ansiedad en Estudiantes de una Instituci\u00f3n de Educaci\u00f3n Superior<\/span><\/strong><span>Prof. Dra. Mar\u00eda Constanza Aguilar Bustamante (2018).<\/span><\/li>\n<li><strong><span>Interpretaci\u00f3n de las Pruebas Proyectivas<\/span><\/strong><span>Prof. Dra. Andrea Mojica Mojica (2017).<\/span><\/li>\n<li><strong><span>Estudio descriptivo y correlacional entre la autoestima y los estilos de vida<\/span><\/strong><span>Prof. Dr. Stefano Vinaccia Alpi (2016).<\/span><\/li>\n<li><strong><span>Adherencia a la Dieta Mediterr\u00e1nea en Estudiantes Universitarios Colombianos<\/span><\/strong><span>Prof. Dr. Stefano Vinaccia Alpi (2016).<\/span><\/li>\n<li><strong><span>An\u00e1lisis de las Formas de Participaci\u00f3n en una Comunidad Gamer Colombiana<\/span><\/strong><span>Prof. Dra. Sandra Liliana Aya Angarita (2016).<\/span><\/li>\n<li><strong><span>Procesos de Desarrollo Psicol\u00f3gico en el Juego: An\u00e1lisis Comparativo<\/span><\/strong><span>Prof. Dra. Melba Ximena Figueroa \u00c1ngel (2014).<\/span><\/li>\n<li><strong><span>Incidencia de la Inhibici\u00f3n Visual en los Grados de Sensibilidad T\u00e1ctil<\/span><\/strong><span>Prof. Dra. Claudia Patricia Pineda Mar\u00edn (2014).<\/span><\/li>\n<\/ul>\n<p>[\/et_pb_toggle][\/et_pb_column][et_pb_column type=\u00bb1_2&#8243; _builder_version=\u00bb4.20.2&#8243; _module_preset=\u00bbdefault\u00bb global_colors_info=\u00bb{}\u00bb][et_pb_image src=\u00bbhttps:\/\/morialaznik.com\/wp-content\/uploads\/2024\/12\/Clinica-Leon-Carolina-psicologa-barcelona.jpg\u00bb alt=\u00bbPASTICCERIA STAZIONE CENTRALE MILANO &#8211; PASTICCERIA STORICA ROVIDA\u00bb title_text=\u00bbClinica Leon &#8211; Carolina psicologa barcelona\u00bb align=\u00bbcenter\u00bb force_fullwidth=\u00bbon\u00bb disabled_on=\u00bboff|off|off\u00bb _builder_version=\u00bb4.27.4&#8243; _module_preset=\u00bbdefault\u00bb box_shadow_style=\u00bbpreset1&#8243; global_colors_info=\u00bb{}\u00bb][\/et_pb_image][\/et_pb_column][\/et_pb_row][\/et_pb_section]<\/p>\n","protected":false},"excerpt":{"rendered":"<p><span><span><a href=\"https:\/\/morialaznik.com\/es\/\">Home<\/a><\/span><\/span>Ana Carolina Pacheco Ar\u00e9valoAna Carolina Pacheco Ar\u00e9valo, psic\u00f3loga y docente universitaria &nbsp; Sobre AnaAna es psic\u00f3loga y docente universitaria, reconocida por su compromiso acad\u00e9mico y su experiencia pr\u00e1ctica. Es psic\u00f3loga con formaci\u00f3n basada en un enfoque sist\u00e9mico familiar. Complet\u00f3 una Maestr\u00eda en Psicolog\u00eda Cl\u00ednica y de la Salud en la Universidad Aut\u00f3noma de Barcelona (UAB) [&hellip;]<\/p>\n","protected":false},"author":3,"featured_media":772,"parent":0,"menu_order":0,"comment_status":"closed","ping_status":"closed","template":"","meta":{"_et_pb_use_builder":"on","_et_pb_old_content":"","_et_gb_content_width":"","footnotes":""},"class_list":["post-824","page","type-page","status-publish","has-post-thumbnail","hentry"],"yoast_head":"<!-- This site is optimized with the Yoast SEO plugin v27.4 - https:\/\/yoast.com\/product\/yoast-seo-wordpress\/ -->\n<title>Ana Carolina Pacheco Ar\u00e9valo - Clinica Le\u00f3n psychologists and psychoterapists<\/title>\n<meta name=\"robots\" content=\"index, follow, max-snippet:-1, max-image-preview:large, max-video-preview:-1\" \/>\n<link rel=\"canonical\" href=\"https:\/\/morialaznik.com\/es\/ana-carolina-pacheco-arevalo\/\" \/>\n<meta property=\"og:locale\" content=\"es_ES\" \/>\n<meta property=\"og:type\" content=\"article\" \/>\n<meta property=\"og:title\" content=\"Ana Carolina Pacheco Ar\u00e9valo - Clinica Le\u00f3n psychologists and psychoterapists\" \/>\n<meta property=\"og:description\" content=\"Ana Carolina Pacheco Ar\u00e9valoAna Carolina Pacheco Ar\u00e9valo, psic\u00f3loga y docente universitaria &nbsp; Sobre AnaAna es psic\u00f3loga y docente universitaria, reconocida por su compromiso acad\u00e9mico y su experiencia pr\u00e1ctica. Es psic\u00f3loga con formaci\u00f3n basada en un enfoque sist\u00e9mico familiar. Complet\u00f3 una Maestr\u00eda en Psicolog\u00eda Cl\u00ednica y de la Salud en la Universidad Aut\u00f3noma de Barcelona (UAB) [&hellip;]\" \/>\n<meta property=\"og:url\" content=\"https:\/\/morialaznik.com\/es\/ana-carolina-pacheco-arevalo\/\" \/>\n<meta property=\"og:site_name\" content=\"Clinica Le\u00f3n psychologists and psychoterapists\" \/>\n<meta property=\"article:modified_time\" content=\"2024-12-15T14:23:26+00:00\" \/>\n<meta property=\"og:image\" content=\"https:\/\/morialaznik.com\/wp-content\/uploads\/2024\/12\/Clinica-Leon-Carolina-psicologa-barcelona.jpg\" \/>\n\t<meta property=\"og:image:width\" content=\"954\" \/>\n\t<meta property=\"og:image:height\" content=\"898\" \/>\n\t<meta property=\"og:image:type\" content=\"image\/jpeg\" \/>\n<meta name=\"twitter:card\" content=\"summary_large_image\" \/>\n<meta name=\"twitter:label1\" content=\"Tiempo de lectura\" \/>\n\t<meta name=\"twitter:data1\" content=\"6 minutos\" \/>\n<script type=\"application\/ld+json\" class=\"yoast-schema-graph\">{\"@context\":\"https:\\\/\\\/schema.org\",\"@graph\":[{\"@type\":\"WebPage\",\"@id\":\"https:\\\/\\\/morialaznik.com\\\/es\\\/ana-carolina-pacheco-arevalo\\\/\",\"url\":\"https:\\\/\\\/morialaznik.com\\\/es\\\/ana-carolina-pacheco-arevalo\\\/\",\"name\":\"Ana Carolina Pacheco Ar\u00e9valo - Clinica Le\u00f3n psychologists and psychoterapists\",\"isPartOf\":{\"@id\":\"https:\\\/\\\/morialaznik.com\\\/es\\\/#website\"},\"primaryImageOfPage\":{\"@id\":\"https:\\\/\\\/morialaznik.com\\\/es\\\/ana-carolina-pacheco-arevalo\\\/#primaryimage\"},\"image\":{\"@id\":\"https:\\\/\\\/morialaznik.com\\\/es\\\/ana-carolina-pacheco-arevalo\\\/#primaryimage\"},\"thumbnailUrl\":\"https:\\\/\\\/morialaznik.com\\\/wp-content\\\/uploads\\\/2024\\\/12\\\/Clinica-Leon-Carolina-psicologa-barcelona.jpg\",\"datePublished\":\"2024-12-14T17:25:27+00:00\",\"dateModified\":\"2024-12-15T14:23:26+00:00\",\"breadcrumb\":{\"@id\":\"https:\\\/\\\/morialaznik.com\\\/es\\\/ana-carolina-pacheco-arevalo\\\/#breadcrumb\"},\"inLanguage\":\"es\",\"potentialAction\":[{\"@type\":\"ReadAction\",\"target\":[\"https:\\\/\\\/morialaznik.com\\\/es\\\/ana-carolina-pacheco-arevalo\\\/\"]}]},{\"@type\":\"ImageObject\",\"inLanguage\":\"es\",\"@id\":\"https:\\\/\\\/morialaznik.com\\\/es\\\/ana-carolina-pacheco-arevalo\\\/#primaryimage\",\"url\":\"https:\\\/\\\/morialaznik.com\\\/wp-content\\\/uploads\\\/2024\\\/12\\\/Clinica-Leon-Carolina-psicologa-barcelona.jpg\",\"contentUrl\":\"https:\\\/\\\/morialaznik.com\\\/wp-content\\\/uploads\\\/2024\\\/12\\\/Clinica-Leon-Carolina-psicologa-barcelona.jpg\",\"width\":954,\"height\":898},{\"@type\":\"BreadcrumbList\",\"@id\":\"https:\\\/\\\/morialaznik.com\\\/es\\\/ana-carolina-pacheco-arevalo\\\/#breadcrumb\",\"itemListElement\":[{\"@type\":\"ListItem\",\"position\":1,\"name\":\"Home\",\"item\":\"https:\\\/\\\/morialaznik.com\\\/es\\\/\"},{\"@type\":\"ListItem\",\"position\":2,\"name\":\"Ana Carolina Pacheco Ar\u00e9valo\"}]},{\"@type\":\"WebSite\",\"@id\":\"https:\\\/\\\/morialaznik.com\\\/es\\\/#website\",\"url\":\"https:\\\/\\\/morialaznik.com\\\/es\\\/\",\"name\":\"Moria Laznik psychologist\",\"description\":\"Psychologists and psychotherapists in Sant Cugat del Vall\u00e8s Barcelona\",\"publisher\":{\"@id\":\"https:\\\/\\\/morialaznik.com\\\/es\\\/#organization\"},\"potentialAction\":[{\"@type\":\"SearchAction\",\"target\":{\"@type\":\"EntryPoint\",\"urlTemplate\":\"https:\\\/\\\/morialaznik.com\\\/es\\\/?s={search_term_string}\"},\"query-input\":{\"@type\":\"PropertyValueSpecification\",\"valueRequired\":true,\"valueName\":\"search_term_string\"}}],\"inLanguage\":\"es\"},{\"@type\":\"Organization\",\"@id\":\"https:\\\/\\\/morialaznik.com\\\/es\\\/#organization\",\"name\":\"Moria Laznik psychologist\",\"url\":\"https:\\\/\\\/morialaznik.com\\\/es\\\/\",\"logo\":{\"@type\":\"ImageObject\",\"inLanguage\":\"es\",\"@id\":\"https:\\\/\\\/morialaznik.com\\\/es\\\/#\\\/schema\\\/logo\\\/image\\\/\",\"url\":\"https:\\\/\\\/morialaznik.com\\\/wp-content\\\/uploads\\\/2024\\\/01\\\/Logo-Moria-Laznik-psychologist-website.jpg\",\"contentUrl\":\"https:\\\/\\\/morialaznik.com\\\/wp-content\\\/uploads\\\/2024\\\/01\\\/Logo-Moria-Laznik-psychologist-website.jpg\",\"width\":746,\"height\":214,\"caption\":\"Moria Laznik psychologist\"},\"image\":{\"@id\":\"https:\\\/\\\/morialaznik.com\\\/es\\\/#\\\/schema\\\/logo\\\/image\\\/\"}}]}<\/script>\n<!-- \/ Yoast SEO plugin. -->","yoast_head_json":{"title":"Ana Carolina Pacheco Ar\u00e9valo - Clinica Le\u00f3n psychologists and psychoterapists","robots":{"index":"index","follow":"follow","max-snippet":"max-snippet:-1","max-image-preview":"max-image-preview:large","max-video-preview":"max-video-preview:-1"},"canonical":"https:\/\/morialaznik.com\/es\/ana-carolina-pacheco-arevalo\/","og_locale":"es_ES","og_type":"article","og_title":"Ana Carolina Pacheco Ar\u00e9valo - Clinica Le\u00f3n psychologists and psychoterapists","og_description":"Ana Carolina Pacheco Ar\u00e9valoAna Carolina Pacheco Ar\u00e9valo, psic\u00f3loga y docente universitaria &nbsp; Sobre AnaAna es psic\u00f3loga y docente universitaria, reconocida por su compromiso acad\u00e9mico y su experiencia pr\u00e1ctica. Es psic\u00f3loga con formaci\u00f3n basada en un enfoque sist\u00e9mico familiar. Complet\u00f3 una Maestr\u00eda en Psicolog\u00eda Cl\u00ednica y de la Salud en la Universidad Aut\u00f3noma de Barcelona (UAB) [&hellip;]","og_url":"https:\/\/morialaznik.com\/es\/ana-carolina-pacheco-arevalo\/","og_site_name":"Clinica Le\u00f3n psychologists and psychoterapists","article_modified_time":"2024-12-15T14:23:26+00:00","og_image":[{"width":954,"height":898,"url":"https:\/\/morialaznik.com\/wp-content\/uploads\/2024\/12\/Clinica-Leon-Carolina-psicologa-barcelona.jpg","type":"image\/jpeg"}],"twitter_card":"summary_large_image","twitter_misc":{"Tiempo de lectura":"6 minutos"},"schema":{"@context":"https:\/\/schema.org","@graph":[{"@type":"WebPage","@id":"https:\/\/morialaznik.com\/es\/ana-carolina-pacheco-arevalo\/","url":"https:\/\/morialaznik.com\/es\/ana-carolina-pacheco-arevalo\/","name":"Ana Carolina Pacheco Ar\u00e9valo - Clinica Le\u00f3n psychologists and psychoterapists","isPartOf":{"@id":"https:\/\/morialaznik.com\/es\/#website"},"primaryImageOfPage":{"@id":"https:\/\/morialaznik.com\/es\/ana-carolina-pacheco-arevalo\/#primaryimage"},"image":{"@id":"https:\/\/morialaznik.com\/es\/ana-carolina-pacheco-arevalo\/#primaryimage"},"thumbnailUrl":"https:\/\/morialaznik.com\/wp-content\/uploads\/2024\/12\/Clinica-Leon-Carolina-psicologa-barcelona.jpg","datePublished":"2024-12-14T17:25:27+00:00","dateModified":"2024-12-15T14:23:26+00:00","breadcrumb":{"@id":"https:\/\/morialaznik.com\/es\/ana-carolina-pacheco-arevalo\/#breadcrumb"},"inLanguage":"es","potentialAction":[{"@type":"ReadAction","target":["https:\/\/morialaznik.com\/es\/ana-carolina-pacheco-arevalo\/"]}]},{"@type":"ImageObject","inLanguage":"es","@id":"https:\/\/morialaznik.com\/es\/ana-carolina-pacheco-arevalo\/#primaryimage","url":"https:\/\/morialaznik.com\/wp-content\/uploads\/2024\/12\/Clinica-Leon-Carolina-psicologa-barcelona.jpg","contentUrl":"https:\/\/morialaznik.com\/wp-content\/uploads\/2024\/12\/Clinica-Leon-Carolina-psicologa-barcelona.jpg","width":954,"height":898},{"@type":"BreadcrumbList","@id":"https:\/\/morialaznik.com\/es\/ana-carolina-pacheco-arevalo\/#breadcrumb","itemListElement":[{"@type":"ListItem","position":1,"name":"Home","item":"https:\/\/morialaznik.com\/es\/"},{"@type":"ListItem","position":2,"name":"Ana Carolina Pacheco Ar\u00e9valo"}]},{"@type":"WebSite","@id":"https:\/\/morialaznik.com\/es\/#website","url":"https:\/\/morialaznik.com\/es\/","name":"Moria Laznik psychologist","description":"Psychologists and psychotherapists in Sant Cugat del Vall\u00e8s Barcelona","publisher":{"@id":"https:\/\/morialaznik.com\/es\/#organization"},"potentialAction":[{"@type":"SearchAction","target":{"@type":"EntryPoint","urlTemplate":"https:\/\/morialaznik.com\/es\/?s={search_term_string}"},"query-input":{"@type":"PropertyValueSpecification","valueRequired":true,"valueName":"search_term_string"}}],"inLanguage":"es"},{"@type":"Organization","@id":"https:\/\/morialaznik.com\/es\/#organization","name":"Moria Laznik psychologist","url":"https:\/\/morialaznik.com\/es\/","logo":{"@type":"ImageObject","inLanguage":"es","@id":"https:\/\/morialaznik.com\/es\/#\/schema\/logo\/image\/","url":"https:\/\/morialaznik.com\/wp-content\/uploads\/2024\/01\/Logo-Moria-Laznik-psychologist-website.jpg","contentUrl":"https:\/\/morialaznik.com\/wp-content\/uploads\/2024\/01\/Logo-Moria-Laznik-psychologist-website.jpg","width":746,"height":214,"caption":"Moria Laznik psychologist"},"image":{"@id":"https:\/\/morialaznik.com\/es\/#\/schema\/logo\/image\/"}}]}},"_links":{"self":[{"href":"https:\/\/morialaznik.com\/es\/wp-json\/wp\/v2\/pages\/824","targetHints":{"allow":["GET"]}}],"collection":[{"href":"https:\/\/morialaznik.com\/es\/wp-json\/wp\/v2\/pages"}],"about":[{"href":"https:\/\/morialaznik.com\/es\/wp-json\/wp\/v2\/types\/page"}],"author":[{"embeddable":true,"href":"https:\/\/morialaznik.com\/es\/wp-json\/wp\/v2\/users\/3"}],"replies":[{"embeddable":true,"href":"https:\/\/morialaznik.com\/es\/wp-json\/wp\/v2\/comments?post=824"}],"version-history":[{"count":3,"href":"https:\/\/morialaznik.com\/es\/wp-json\/wp\/v2\/pages\/824\/revisions"}],"predecessor-version":[{"id":875,"href":"https:\/\/morialaznik.com\/es\/wp-json\/wp\/v2\/pages\/824\/revisions\/875"}],"wp:featuredmedia":[{"embeddable":true,"href":"https:\/\/morialaznik.com\/es\/wp-json\/wp\/v2\/media\/772"}],"wp:attachment":[{"href":"https:\/\/morialaznik.com\/es\/wp-json\/wp\/v2\/media?parent=824"}],"curies":[{"name":"wp","href":"https:\/\/api.w.org\/{rel}","templated":true}]}}