{"id":830,"date":"2024-12-14T18:46:34","date_gmt":"2024-12-14T17:46:34","guid":{"rendered":"https:\/\/morialaznik.com\/lucia-murillo-martinez\/"},"modified":"2024-12-15T14:54:05","modified_gmt":"2024-12-15T13:54:05","slug":"lucia-murillo-martinez","status":"publish","type":"page","link":"https:\/\/morialaznik.com\/es\/lucia-murillo-martinez\/","title":{"rendered":"Luc\u00eda Murillo Mart\u00ednez"},"content":{"rendered":"<p>[et_pb_section fb_built=\u00bb1&#8243; disabled_on=\u00bboff|off|off\u00bb admin_label=\u00bbIntro Section\u00bb _builder_version=\u00bb4.27.4&#8243; _module_preset=\u00bbdefault\u00bb background_color=\u00bb#1bba00&#8243; background_enable_image=\u00bboff\u00bb custom_padding=\u00bb|0px||0px|false|false\u00bb locked=\u00bboff\u00bb global_colors_info=\u00bb{}\u00bb][et_pb_row _builder_version=\u00bb4.23.1&#8243; _module_preset=\u00bbdefault\u00bb global_colors_info=\u00bb{}\u00bb][et_pb_column type=\u00bb4_4&#8243; _builder_version=\u00bb4.23.1&#8243; _module_preset=\u00bbdefault\u00bb global_colors_info=\u00bb{}\u00bb][et_pb_text _builder_version=\u00bb4.23.1&#8243; _module_preset=\u00bbdefault\u00bb text_font=\u00bb||||||||\u00bb text_text_color=\u00bb#FFFFFF\u00bb link_font=\u00bb||||||||\u00bb link_text_color=\u00bb#FFFFFF\u00bb global_colors_info=\u00bb{}\u00bb]<\/p>\n<p style=\"text-align: center;\"><span><span><a href=\"https:\/\/morialaznik.com\/es\/\">Home<\/a><\/span><\/span><\/p>\n<p>[\/et_pb_text][et_pb_text _builder_version=\u00bb4.27.4&#8243; _module_preset=\u00bbdefault\u00bb header_font=\u00bb|||on|||||\u00bb header_text_color=\u00bb#FFFFFF\u00bb header_font_size=\u00bb50px\u00bb hover_enabled=\u00bb0&#8243; global_colors_info=\u00bb{}\u00bb sticky_enabled=\u00bb0&#8243;]<\/p>\n<h1 style=\"text-align: center;\"><strong>Luc\u00eda Murillo Mart\u00ednez<\/strong><\/h1>\n<p>[\/et_pb_text][\/et_pb_column][\/et_pb_row][\/et_pb_section][et_pb_section fb_built=\u00bb1&#8243; admin_label=\u00bbContact Section\u00bb _builder_version=\u00bb4.20.0&#8243; _module_preset=\u00bbdefault\u00bb background_color=\u00bb#FFFFFF\u00bb use_background_color_gradient=\u00bbon\u00bb background_color_gradient_stops=\u00bb#ffffff 20%|rgba(255,255,255,0) 80%\u00bb background_color_gradient_overlays_image=\u00bbon\u00bb background_color_gradient_start=\u00bb#ffffff\u00bb background_color_gradient_start_position=\u00bb20%\u00bb background_color_gradient_end=\u00bbrgba(255,255,255,0)\u00bb background_color_gradient_end_position=\u00bb80%\u00bb background_enable_image=\u00bboff\u00bb background_position=\u00bbbottom_center\u00bb custom_padding=\u00bb20px||20px||true|false\u00bb saved_tabs=\u00bball\u00bb locked=\u00bboff\u00bb global_colors_info=\u00bb{}\u00bb][et_pb_row column_structure=\u00bb1_2,1_2&#8243; _builder_version=\u00bb4.23.1&#8243; _module_preset=\u00bbdefault\u00bb width=\u00bb90%\u00bb max_width=\u00bb2560px\u00bb global_colors_info=\u00bb{}\u00bb][et_pb_column type=\u00bb1_2&#8243; _builder_version=\u00bb4.20.0&#8243; _module_preset=\u00bbdefault\u00bb global_colors_info=\u00bb{}\u00bb][et_pb_divider divider_weight=\u00bb3px\u00bb disabled_on=\u00bboff|off|off\u00bb _builder_version=\u00bb4.23.1&#8243; background_color_gradient_direction=\u00bb90deg\u00bb max_width=\u00bb100px\u00bb module_alignment=\u00bbleft\u00bb height=\u00bb5px\u00bb custom_margin=\u00bb||20px|\u00bb custom_padding=\u00bb||20px|\u00bb animation_style=\u00bbslide\u00bb animation_direction=\u00bbbottom\u00bb saved_tabs=\u00bball\u00bb locked=\u00bboff\u00bb global_colors_info=\u00bb{}\u00bb][\/et_pb_divider][et_pb_text _builder_version=\u00bb4.27.4&#8243; _module_preset=\u00bbdefault\u00bb text_font=\u00bb||||||||\u00bb header_2_font=\u00bb|600|||||||\u00bb header_2_font_size=\u00bb30px\u00bb header_2_line_height=\u00bb1.2em\u00bb custom_padding=\u00bb20px||20px||true|false\u00bb hover_enabled=\u00bb0&#8243; global_colors_info=\u00bb{}\u00bb sticky_enabled=\u00bb0&#8243;]<\/p>\n<h2 class=\"main-title bigTitle\" id=\"mission-di-riduzione-degli-sprechi-alimentari\">Luc\u00eda Murillo Mart\u00ednez, Psic\u00f3loga y Mediadora<\/h2>\n<p>&nbsp;<\/p>\n<p><strong>Sobre Luc\u00eda<br \/><\/strong><br \/> Luc\u00eda es una profesional dedicada al trabajo terap\u00e9utico, centrado en los v\u00ednculos familiares, las interacciones y el entorno que rodea a cada individuo. Su pasi\u00f3n radica en comprender y mejorar las din\u00e1micas familiares, fomentar la madurez emocional en adolescentes y j\u00f3venes, y acompa\u00f1ar a los individuos en su desarrollo personal. <\/p>\n<p>Tiene amplia experiencia como psic\u00f3loga cl\u00ednica, mediadora familiar y psicoterapeuta, trabajando tanto en contextos individuales como familiares. Su pr\u00e1ctica incluye el apoyo a adolescentes, j\u00f3venes y adultos, ayud\u00e1ndoles a superar dificultades emocionales y relacionales. Adem\u00e1s, ha ejercido como mediadora y orientadora familiar, abordando conflictos y facilitando procesos de cambio en la din\u00e1mica familiar.  <\/p>\n<p>Luc\u00eda es licenciada en Psicolog\u00eda, M\u00e1ster en Psicolog\u00eda Cl\u00ednica y de la Salud, y formaci\u00f3n especializada en psicoterapia familiar y de pareja. Actualmente est\u00e1 realizando un doctorado en interacci\u00f3n persona-ambiente, profundizando en la resiliencia y la salud mental. Tambi\u00e9n ha enriquecido su trayectoria profesional con diversos cursos y seminarios sobre intervenciones sist\u00e9micas, terapias breves y estrategias para trastornos emocionales y relacionales. Es reconocida por su empat\u00eda y enfoque pr\u00e1ctico, ayudando a las personas a construir relaciones m\u00e1s sanas y sostenibles.   <\/p>\n<p>[\/et_pb_text][et_pb_toggle title=\u00bbExperiencia profesional (ver m\u00e1s)\u00bb icon_color=\u00bb#1bba00&#8243; _builder_version=\u00bb4.27.4&#8243; _module_preset=\u00bbdefault\u00bb hover_enabled=\u00bb0&#8243; global_colors_info=\u00bb{}\u00bb sticky_enabled=\u00bb0&#8243;]<\/p>\n<p><span> <\/span><\/p>\n<ul>\n<li><strong><span>Ayudante de Investigaci\u00f3n en Psicolog\u00eda Cl\u00ednica, Programa de Doctorado<\/span><\/strong><span>UAB, Barcelona.<\/span><\/li>\n<li><strong>Mediadora Familiar y Consejera<\/strong>, Fundaci\u00f3n Aliados por la Integraci\u00f3n, Logro\u00f1o, Espa\u00f1a.<\/li>\n<li><strong><span>Psic\u00f3loga Cl\u00ednica<\/span><\/strong><span>, cl\u00ednica privada, Barcelona, Espa\u00f1a.<\/span><\/li>\n<li><strong>Psicoterapeuta<\/strong>, Consultorio Psicol\u00f3gico KUSS, Lima, Per\u00fa.<\/li>\n<li><strong>Psicoterapeuta<\/strong>, Hospital Psiqui\u00e1trico, Asunci\u00f3n, Paraguay.<\/li>\n<li><strong><span>Psic\u00f3loga Cl\u00ednica (pasant\u00eda)<\/span><\/strong><span>, Hospital de Cl\u00ednicas, Asunci\u00f3n, Paraguay.<\/span><\/li>\n<li><strong><span>Psic\u00f3logo Cl\u00ednico (pasant\u00eda)<\/span><\/strong><span>, Hospital Guillermo Almenara Irigoyen, Lima, Per\u00fa.<\/span><\/li>\n<\/ul>\n<p><strong><span>Educaci\u00f3n<\/span><\/strong><\/p>\n<ul>\n<li><strong><span>Programa de Doctorado (2023 &#8211; presente)<\/span><\/strong><span><br \/>Grupo de Investigaci\u00f3n: Interacci\u00f3n Persona-Ambiente en Riesgo y Resiliencia para la Salud Mental, Universidad Aut\u00f3noma de Barcelona (UAB).<\/span><\/li>\n<li><strong><span>M\u00e1ster en Investigaci\u00f3n en Psicolog\u00eda Cl\u00ednica y de la Salud<\/span><\/strong><span>Universidad Aut\u00f3noma de Barcelona (UAB), Barcelona.<\/span><\/li>\n<li><strong><span>M\u00e1ster en Psicoterapia Familiar y de Pareja (MTF)<\/span><\/strong><span>, Escuela Vasco-Navarra de Terapia Familiar (EVNTF), Bilbao.<\/span><\/li>\n<li><strong><span>Licenciatura en Psicolog\u00eda Cl\u00ednica<\/span><\/strong><span>, Pontificia Universidad Cat\u00f3lica del Per\u00fa (PUCP).<br \/><em>(Reconocimiento por Real Decreto 967\/2014 &#8211; Equivalencia N\u00ba 2020\/Q00550)<\/em><\/span><\/li>\n<\/ul>\n<p><strong><span>Formaci\u00f3n adicional<\/span><\/strong><\/p>\n<ul>\n<li><strong><span>Psicoterapeuta familiar sist\u00e9mico (EIS)<\/span><\/strong><\/li>\n<li><strong><span>Intervenci\u00f3n Familiar en Trastornos de la Conducta Alimentaria<\/span><\/strong><span>Escuela Vasco-Navarra de Terapia Familiar (EVNTF), Bilbao.<\/span><\/li>\n<li><strong><span>Curso de Formaci\u00f3n en Violencia filio-parental<\/span><\/strong><span>Escuela Vasco-Navarra de Terapia Familiar (EVNTF), Bilbao.<\/span><\/li>\n<li><strong><span>Curso Avanzado de Terapia Breve con Ni\u00f1os y Adolescentes<\/span><\/strong><span>Escuela Sist\u00e9mica del Paraguay (ESPA), Asunci\u00f3n.<\/span><\/li>\n<li><strong><span>Cursos de Terapia de Pareja y Nuevas Adicciones y Dependencias desde un Enfoque de Terapia Breve<\/span><\/strong><span>Escuela Sist\u00e9mica del Paraguay (ESPA), Asunci\u00f3n.<\/span><\/li>\n<li><strong><span>Taller de Nuevas Adicciones y Dependencias en Terapia Breve Estrat\u00e9gica<\/span><\/strong><span>Escuela Sist\u00e9mica del Paraguay (ESPA), Asunci\u00f3n.<\/span><\/li>\n<\/ul>\n<p>[\/et_pb_toggle][\/et_pb_column][et_pb_column type=\u00bb1_2&#8243; _builder_version=\u00bb4.20.2&#8243; _module_preset=\u00bbdefault\u00bb global_colors_info=\u00bb{}\u00bb][et_pb_image src=\u00bbhttps:\/\/morialaznik.com\/wp-content\/uploads\/2024\/12\/Lucia-Murillo-Martinez-Psicologa-y-mediadora.jpg\u00bb alt=\u00bbPASTICCERIA STAZIONE CENTRALE MILANO &#8211; PASTICCERIA STORICA ROVIDA\u00bb title_text=\u00bbLuc\u00eda Murillo Mart\u00ednez, Psic\u00f3loga y mediadora\u00bb align=\u00bbcenter\u00bb force_fullwidth=\u00bbon\u00bb disabled_on=\u00bboff|off|off\u00bb _builder_version=\u00bb4.27.4&#8243; _module_preset=\u00bbdefault\u00bb hover_enabled=\u00bb0&#8243; box_shadow_style=\u00bbpreset1&#8243; global_colors_info=\u00bb{}\u00bb sticky_enabled=\u00bb0&#8243;][\/et_pb_image][\/et_pb_column][\/et_pb_row][\/et_pb_section]<\/p>\n","protected":false},"excerpt":{"rendered":"<p><span><span><a href=\"https:\/\/morialaznik.com\/es\/\">Home<\/a><\/span><\/span>Luc\u00eda Murillo Mart\u00ednezLuc\u00eda Murillo Mart\u00ednez, Psic\u00f3loga y Mediadora &nbsp; Sobre Luc\u00eda Luc\u00eda es una profesional dedicada al trabajo terap\u00e9utico, centrado en los v\u00ednculos familiares, las interacciones y el entorno que rodea a cada individuo. Su pasi\u00f3n radica en comprender y mejorar las din\u00e1micas familiares, fomentar la madurez emocional en adolescentes y j\u00f3venes, y acompa\u00f1ar a [&hellip;]<\/p>\n","protected":false},"author":3,"featured_media":789,"parent":0,"menu_order":0,"comment_status":"closed","ping_status":"closed","template":"","meta":{"_et_pb_use_builder":"on","_et_pb_old_content":"","_et_gb_content_width":"","footnotes":""},"class_list":["post-830","page","type-page","status-publish","has-post-thumbnail","hentry"],"yoast_head":"<!-- This site is optimized with the Yoast SEO plugin v27.4 - https:\/\/yoast.com\/product\/yoast-seo-wordpress\/ -->\n<title>Luc\u00eda Murillo Mart\u00ednez - Clinica Le\u00f3n psychologists and psychoterapists<\/title>\n<meta name=\"robots\" content=\"index, follow, max-snippet:-1, max-image-preview:large, max-video-preview:-1\" \/>\n<link rel=\"canonical\" href=\"https:\/\/morialaznik.com\/es\/lucia-murillo-martinez\/\" \/>\n<meta property=\"og:locale\" content=\"es_ES\" \/>\n<meta property=\"og:type\" content=\"article\" \/>\n<meta property=\"og:title\" content=\"Luc\u00eda Murillo Mart\u00ednez - Clinica Le\u00f3n psychologists and psychoterapists\" \/>\n<meta property=\"og:description\" content=\"Luc\u00eda Murillo Mart\u00ednezLuc\u00eda Murillo Mart\u00ednez, Psic\u00f3loga y Mediadora &nbsp; Sobre Luc\u00eda Luc\u00eda es una profesional dedicada al trabajo terap\u00e9utico, centrado en los v\u00ednculos familiares, las interacciones y el entorno que rodea a cada individuo. Su pasi\u00f3n radica en comprender y mejorar las din\u00e1micas familiares, fomentar la madurez emocional en adolescentes y j\u00f3venes, y acompa\u00f1ar a [&hellip;]\" \/>\n<meta property=\"og:url\" content=\"https:\/\/morialaznik.com\/es\/lucia-murillo-martinez\/\" \/>\n<meta property=\"og:site_name\" content=\"Clinica Le\u00f3n psychologists and psychoterapists\" \/>\n<meta property=\"article:modified_time\" content=\"2024-12-15T13:54:05+00:00\" \/>\n<meta property=\"og:image\" content=\"https:\/\/morialaznik.com\/wp-content\/uploads\/2024\/12\/Lucia-Murillo-Martinez-Psicologa-y-mediadora.jpg\" \/>\n\t<meta property=\"og:image:width\" content=\"891\" \/>\n\t<meta property=\"og:image:height\" content=\"1188\" \/>\n\t<meta property=\"og:image:type\" content=\"image\/jpeg\" \/>\n<meta name=\"twitter:card\" content=\"summary_large_image\" \/>\n<meta name=\"twitter:label1\" content=\"Tiempo de lectura\" \/>\n\t<meta name=\"twitter:data1\" content=\"5 minutos\" \/>\n<script type=\"application\/ld+json\" class=\"yoast-schema-graph\">{\"@context\":\"https:\\\/\\\/schema.org\",\"@graph\":[{\"@type\":\"WebPage\",\"@id\":\"https:\\\/\\\/morialaznik.com\\\/es\\\/lucia-murillo-martinez\\\/\",\"url\":\"https:\\\/\\\/morialaznik.com\\\/es\\\/lucia-murillo-martinez\\\/\",\"name\":\"Luc\u00eda Murillo Mart\u00ednez - Clinica Le\u00f3n psychologists and psychoterapists\",\"isPartOf\":{\"@id\":\"https:\\\/\\\/morialaznik.com\\\/es\\\/#website\"},\"primaryImageOfPage\":{\"@id\":\"https:\\\/\\\/morialaznik.com\\\/es\\\/lucia-murillo-martinez\\\/#primaryimage\"},\"image\":{\"@id\":\"https:\\\/\\\/morialaznik.com\\\/es\\\/lucia-murillo-martinez\\\/#primaryimage\"},\"thumbnailUrl\":\"https:\\\/\\\/morialaznik.com\\\/wp-content\\\/uploads\\\/2024\\\/12\\\/Lucia-Murillo-Martinez-Psicologa-y-mediadora.jpg\",\"datePublished\":\"2024-12-14T17:46:34+00:00\",\"dateModified\":\"2024-12-15T13:54:05+00:00\",\"breadcrumb\":{\"@id\":\"https:\\\/\\\/morialaznik.com\\\/es\\\/lucia-murillo-martinez\\\/#breadcrumb\"},\"inLanguage\":\"es\",\"potentialAction\":[{\"@type\":\"ReadAction\",\"target\":[\"https:\\\/\\\/morialaznik.com\\\/es\\\/lucia-murillo-martinez\\\/\"]}]},{\"@type\":\"ImageObject\",\"inLanguage\":\"es\",\"@id\":\"https:\\\/\\\/morialaznik.com\\\/es\\\/lucia-murillo-martinez\\\/#primaryimage\",\"url\":\"https:\\\/\\\/morialaznik.com\\\/wp-content\\\/uploads\\\/2024\\\/12\\\/Lucia-Murillo-Martinez-Psicologa-y-mediadora.jpg\",\"contentUrl\":\"https:\\\/\\\/morialaznik.com\\\/wp-content\\\/uploads\\\/2024\\\/12\\\/Lucia-Murillo-Martinez-Psicologa-y-mediadora.jpg\",\"width\":891,\"height\":1188},{\"@type\":\"BreadcrumbList\",\"@id\":\"https:\\\/\\\/morialaznik.com\\\/es\\\/lucia-murillo-martinez\\\/#breadcrumb\",\"itemListElement\":[{\"@type\":\"ListItem\",\"position\":1,\"name\":\"Home\",\"item\":\"https:\\\/\\\/morialaznik.com\\\/es\\\/\"},{\"@type\":\"ListItem\",\"position\":2,\"name\":\"Luc\u00eda Murillo Mart\u00ednez\"}]},{\"@type\":\"WebSite\",\"@id\":\"https:\\\/\\\/morialaznik.com\\\/es\\\/#website\",\"url\":\"https:\\\/\\\/morialaznik.com\\\/es\\\/\",\"name\":\"Moria Laznik psychologist\",\"description\":\"Psychologists and psychotherapists in Sant Cugat del Vall\u00e8s Barcelona\",\"publisher\":{\"@id\":\"https:\\\/\\\/morialaznik.com\\\/es\\\/#organization\"},\"potentialAction\":[{\"@type\":\"SearchAction\",\"target\":{\"@type\":\"EntryPoint\",\"urlTemplate\":\"https:\\\/\\\/morialaznik.com\\\/es\\\/?s={search_term_string}\"},\"query-input\":{\"@type\":\"PropertyValueSpecification\",\"valueRequired\":true,\"valueName\":\"search_term_string\"}}],\"inLanguage\":\"es\"},{\"@type\":\"Organization\",\"@id\":\"https:\\\/\\\/morialaznik.com\\\/es\\\/#organization\",\"name\":\"Moria Laznik psychologist\",\"url\":\"https:\\\/\\\/morialaznik.com\\\/es\\\/\",\"logo\":{\"@type\":\"ImageObject\",\"inLanguage\":\"es\",\"@id\":\"https:\\\/\\\/morialaznik.com\\\/es\\\/#\\\/schema\\\/logo\\\/image\\\/\",\"url\":\"https:\\\/\\\/morialaznik.com\\\/wp-content\\\/uploads\\\/2024\\\/01\\\/Logo-Moria-Laznik-psychologist-website.jpg\",\"contentUrl\":\"https:\\\/\\\/morialaznik.com\\\/wp-content\\\/uploads\\\/2024\\\/01\\\/Logo-Moria-Laznik-psychologist-website.jpg\",\"width\":746,\"height\":214,\"caption\":\"Moria Laznik psychologist\"},\"image\":{\"@id\":\"https:\\\/\\\/morialaznik.com\\\/es\\\/#\\\/schema\\\/logo\\\/image\\\/\"}}]}<\/script>\n<!-- \/ Yoast SEO plugin. -->","yoast_head_json":{"title":"Luc\u00eda Murillo Mart\u00ednez - Clinica Le\u00f3n psychologists and psychoterapists","robots":{"index":"index","follow":"follow","max-snippet":"max-snippet:-1","max-image-preview":"max-image-preview:large","max-video-preview":"max-video-preview:-1"},"canonical":"https:\/\/morialaznik.com\/es\/lucia-murillo-martinez\/","og_locale":"es_ES","og_type":"article","og_title":"Luc\u00eda Murillo Mart\u00ednez - Clinica Le\u00f3n psychologists and psychoterapists","og_description":"Luc\u00eda Murillo Mart\u00ednezLuc\u00eda Murillo Mart\u00ednez, Psic\u00f3loga y Mediadora &nbsp; Sobre Luc\u00eda Luc\u00eda es una profesional dedicada al trabajo terap\u00e9utico, centrado en los v\u00ednculos familiares, las interacciones y el entorno que rodea a cada individuo. Su pasi\u00f3n radica en comprender y mejorar las din\u00e1micas familiares, fomentar la madurez emocional en adolescentes y j\u00f3venes, y acompa\u00f1ar a [&hellip;]","og_url":"https:\/\/morialaznik.com\/es\/lucia-murillo-martinez\/","og_site_name":"Clinica Le\u00f3n psychologists and psychoterapists","article_modified_time":"2024-12-15T13:54:05+00:00","og_image":[{"width":891,"height":1188,"url":"https:\/\/morialaznik.com\/wp-content\/uploads\/2024\/12\/Lucia-Murillo-Martinez-Psicologa-y-mediadora.jpg","type":"image\/jpeg"}],"twitter_card":"summary_large_image","twitter_misc":{"Tiempo de lectura":"5 minutos"},"schema":{"@context":"https:\/\/schema.org","@graph":[{"@type":"WebPage","@id":"https:\/\/morialaznik.com\/es\/lucia-murillo-martinez\/","url":"https:\/\/morialaznik.com\/es\/lucia-murillo-martinez\/","name":"Luc\u00eda Murillo Mart\u00ednez - Clinica Le\u00f3n psychologists and psychoterapists","isPartOf":{"@id":"https:\/\/morialaznik.com\/es\/#website"},"primaryImageOfPage":{"@id":"https:\/\/morialaznik.com\/es\/lucia-murillo-martinez\/#primaryimage"},"image":{"@id":"https:\/\/morialaznik.com\/es\/lucia-murillo-martinez\/#primaryimage"},"thumbnailUrl":"https:\/\/morialaznik.com\/wp-content\/uploads\/2024\/12\/Lucia-Murillo-Martinez-Psicologa-y-mediadora.jpg","datePublished":"2024-12-14T17:46:34+00:00","dateModified":"2024-12-15T13:54:05+00:00","breadcrumb":{"@id":"https:\/\/morialaznik.com\/es\/lucia-murillo-martinez\/#breadcrumb"},"inLanguage":"es","potentialAction":[{"@type":"ReadAction","target":["https:\/\/morialaznik.com\/es\/lucia-murillo-martinez\/"]}]},{"@type":"ImageObject","inLanguage":"es","@id":"https:\/\/morialaznik.com\/es\/lucia-murillo-martinez\/#primaryimage","url":"https:\/\/morialaznik.com\/wp-content\/uploads\/2024\/12\/Lucia-Murillo-Martinez-Psicologa-y-mediadora.jpg","contentUrl":"https:\/\/morialaznik.com\/wp-content\/uploads\/2024\/12\/Lucia-Murillo-Martinez-Psicologa-y-mediadora.jpg","width":891,"height":1188},{"@type":"BreadcrumbList","@id":"https:\/\/morialaznik.com\/es\/lucia-murillo-martinez\/#breadcrumb","itemListElement":[{"@type":"ListItem","position":1,"name":"Home","item":"https:\/\/morialaznik.com\/es\/"},{"@type":"ListItem","position":2,"name":"Luc\u00eda Murillo Mart\u00ednez"}]},{"@type":"WebSite","@id":"https:\/\/morialaznik.com\/es\/#website","url":"https:\/\/morialaznik.com\/es\/","name":"Moria Laznik psychologist","description":"Psychologists and psychotherapists in Sant Cugat del Vall\u00e8s Barcelona","publisher":{"@id":"https:\/\/morialaznik.com\/es\/#organization"},"potentialAction":[{"@type":"SearchAction","target":{"@type":"EntryPoint","urlTemplate":"https:\/\/morialaznik.com\/es\/?s={search_term_string}"},"query-input":{"@type":"PropertyValueSpecification","valueRequired":true,"valueName":"search_term_string"}}],"inLanguage":"es"},{"@type":"Organization","@id":"https:\/\/morialaznik.com\/es\/#organization","name":"Moria Laznik psychologist","url":"https:\/\/morialaznik.com\/es\/","logo":{"@type":"ImageObject","inLanguage":"es","@id":"https:\/\/morialaznik.com\/es\/#\/schema\/logo\/image\/","url":"https:\/\/morialaznik.com\/wp-content\/uploads\/2024\/01\/Logo-Moria-Laznik-psychologist-website.jpg","contentUrl":"https:\/\/morialaznik.com\/wp-content\/uploads\/2024\/01\/Logo-Moria-Laznik-psychologist-website.jpg","width":746,"height":214,"caption":"Moria Laznik psychologist"},"image":{"@id":"https:\/\/morialaznik.com\/es\/#\/schema\/logo\/image\/"}}]}},"_links":{"self":[{"href":"https:\/\/morialaznik.com\/es\/wp-json\/wp\/v2\/pages\/830","targetHints":{"allow":["GET"]}}],"collection":[{"href":"https:\/\/morialaznik.com\/es\/wp-json\/wp\/v2\/pages"}],"about":[{"href":"https:\/\/morialaznik.com\/es\/wp-json\/wp\/v2\/types\/page"}],"author":[{"embeddable":true,"href":"https:\/\/morialaznik.com\/es\/wp-json\/wp\/v2\/users\/3"}],"replies":[{"embeddable":true,"href":"https:\/\/morialaznik.com\/es\/wp-json\/wp\/v2\/comments?post=830"}],"version-history":[{"count":2,"href":"https:\/\/morialaznik.com\/es\/wp-json\/wp\/v2\/pages\/830\/revisions"}],"predecessor-version":[{"id":832,"href":"https:\/\/morialaznik.com\/es\/wp-json\/wp\/v2\/pages\/830\/revisions\/832"}],"wp:featuredmedia":[{"embeddable":true,"href":"https:\/\/morialaznik.com\/es\/wp-json\/wp\/v2\/media\/789"}],"wp:attachment":[{"href":"https:\/\/morialaznik.com\/es\/wp-json\/wp\/v2\/media?parent=830"}],"curies":[{"name":"wp","href":"https:\/\/api.w.org\/{rel}","templated":true}]}}