{"id":833,"date":"2024-12-14T18:53:13","date_gmt":"2024-12-14T17:53:13","guid":{"rendered":"https:\/\/morialaznik.com\/paula-bromiguer\/"},"modified":"2024-12-15T18:51:09","modified_gmt":"2024-12-15T17:51:09","slug":"paula-bromiguer","status":"publish","type":"page","link":"https:\/\/morialaznik.com\/es\/paula-bromiguer\/","title":{"rendered":"Paula Bromiguer"},"content":{"rendered":"<p>[et_pb_section fb_built=\u00bb1&#8243; disabled_on=\u00bboff|off|off\u00bb admin_label=\u00bbIntro Section\u00bb _builder_version=\u00bb4.27.4&#8243; _module_preset=\u00bbdefault\u00bb background_color=\u00bb#1bba00&#8243; background_enable_image=\u00bboff\u00bb custom_padding=\u00bb|0px||0px|false|false\u00bb locked=\u00bboff\u00bb global_colors_info=\u00bb{}\u00bb][et_pb_row _builder_version=\u00bb4.23.1&#8243; _module_preset=\u00bbdefault\u00bb global_colors_info=\u00bb{}\u00bb][et_pb_column type=\u00bb4_4&#8243; _builder_version=\u00bb4.23.1&#8243; _module_preset=\u00bbdefault\u00bb global_colors_info=\u00bb{}\u00bb][et_pb_text _builder_version=\u00bb4.23.1&#8243; _module_preset=\u00bbdefault\u00bb text_font=\u00bb||||||||\u00bb text_text_color=\u00bb#FFFFFF\u00bb link_font=\u00bb||||||||\u00bb link_text_color=\u00bb#FFFFFF\u00bb global_colors_info=\u00bb{}\u00bb]<\/p>\n<p style=\"text-align: center;\"><span><span><a href=\"https:\/\/morialaznik.com\/es\/\">Home<\/a><\/span><\/span><\/p>\n<p>[\/et_pb_text][et_pb_text _builder_version=\u00bb4.27.4&#8243; _module_preset=\u00bbdefault\u00bb header_font=\u00bb|||on|||||\u00bb header_text_color=\u00bb#FFFFFF\u00bb header_font_size=\u00bb50px\u00bb global_colors_info=\u00bb{}\u00bb]<\/p>\n<h1 style=\"text-align: center;\"><strong>Paula Bromiguer<\/strong><\/h1>\n<p>[\/et_pb_text][\/et_pb_column][\/et_pb_row][\/et_pb_section][et_pb_section fb_built=\u00bb1&#8243; admin_label=\u00bbContact Section\u00bb _builder_version=\u00bb4.20.0&#8243; _module_preset=\u00bbdefault\u00bb background_color=\u00bb#FFFFFF\u00bb use_background_color_gradient=\u00bbon\u00bb background_color_gradient_stops=\u00bb#ffffff 20%|rgba(255,255,255,0) 80%\u00bb background_color_gradient_overlays_image=\u00bbon\u00bb background_color_gradient_start=\u00bb#ffffff\u00bb background_color_gradient_start_position=\u00bb20%\u00bb background_color_gradient_end=\u00bbrgba(255,255,255,0)\u00bb background_color_gradient_end_position=\u00bb80%\u00bb background_enable_image=\u00bboff\u00bb background_position=\u00bbbottom_center\u00bb custom_padding=\u00bb20px||20px||true|false\u00bb saved_tabs=\u00bball\u00bb locked=\u00bboff\u00bb global_colors_info=\u00bb{}\u00bb][et_pb_row column_structure=\u00bb1_2,1_2&#8243; _builder_version=\u00bb4.23.1&#8243; _module_preset=\u00bbdefault\u00bb width=\u00bb90%\u00bb max_width=\u00bb2560px\u00bb global_colors_info=\u00bb{}\u00bb][et_pb_column type=\u00bb1_2&#8243; _builder_version=\u00bb4.20.0&#8243; _module_preset=\u00bbdefault\u00bb global_colors_info=\u00bb{}\u00bb][et_pb_divider divider_weight=\u00bb3px\u00bb disabled_on=\u00bboff|off|off\u00bb _builder_version=\u00bb4.23.1&#8243; background_color_gradient_direction=\u00bb90deg\u00bb max_width=\u00bb100px\u00bb module_alignment=\u00bbleft\u00bb height=\u00bb5px\u00bb custom_margin=\u00bb||20px|\u00bb custom_padding=\u00bb||20px|\u00bb animation_style=\u00bbslide\u00bb animation_direction=\u00bbbottom\u00bb saved_tabs=\u00bball\u00bb locked=\u00bboff\u00bb global_colors_info=\u00bb{}\u00bb][\/et_pb_divider][et_pb_text _builder_version=\u00bb4.27.4&#8243; _module_preset=\u00bbdefault\u00bb text_font=\u00bb||||||||\u00bb header_2_font=\u00bb|600|||||||\u00bb header_2_font_size=\u00bb30px\u00bb header_2_line_height=\u00bb1.2em\u00bb custom_padding=\u00bb20px||20px||true|false\u00bb global_colors_info=\u00bb{}\u00bb]<\/p>\n<h2 class=\"main-title bigTitle\" id=\"mission-di-riduzione-degli-sprechi-alimentari\">Paula Bromiguer, Terapeuta y Formadora<\/h2>\n<p>&nbsp;<\/p>\n<p><strong>Sobre Paula<br \/><\/strong><br \/>Paula es terapeuta, educadora y supervisora con m\u00e1s de 20 a\u00f1os de experiencia en el campo del autismo. Su trayectoria profesional incluye la direcci\u00f3n de un centro preescolar para ni\u00f1os con necesidades especiales y la supervisi\u00f3n de equipos escolares en la integraci\u00f3n de ni\u00f1os con Trastorno del Espectro Autista (TEA) en el sistema educativo.<\/p>\n<p>Paula cree profundamente en la capacidad de cada ni\u00f1o para desarrollar su potencial \u00fanico. Su filosof\u00eda se centra en crear las condiciones adecuadas para que cada individuo prospere, respetando su autenticidad y sus necesidades espec\u00edficas. En su trabajo, da prioridad a la creaci\u00f3n de relaciones de confianza y al establecimiento de un lenguaje com\u00fan que fomente la comunicaci\u00f3n y el entendimiento mutuo.<\/p>\n<p>Con una perspectiva emp\u00e1tica y respetuosa, Paula se dedica a acompa\u00f1ar a los ni\u00f1os y a sus familias en un proceso significativo de crecimiento y aprendizaje, adaptado a las capacidades y retos de cada ni\u00f1o. Adem\u00e1s, Paula forma y supervisa equipos escolares, promoviendo el trabajo colaborativo para garantizar la integraci\u00f3n efectiva de los ni\u00f1os en el entorno educativo. Su compromiso profesional y humano refleja su creencia de que todos los ni\u00f1os tienen derecho a ser exactamente quienes son y a recibir el apoyo necesario para alcanzar sus metas y sue\u00f1os.<\/p>\n<p>[\/et_pb_text][et_pb_toggle title=\u00bbExperiencia profesional (ver m\u00e1s)\u00bb icon_color=\u00bb#1bba00&#8243; _builder_version=\u00bb4.27.4&#8243; _module_preset=\u00bbdefault\u00bb hover_enabled=\u00bb0&#8243; global_colors_info=\u00bb{}\u00bb sticky_enabled=\u00bb0&#8243;]<\/p>\n<p><span> <\/span><\/p>\n<ul>\n<li><strong><span>Experiencia profesional<\/span><\/strong>\n<ul>\n<li><strong><span>2023-2024:<\/span><\/strong><span><br \/>Consultor y gu\u00eda en procesos de integraci\u00f3n. Proporciona apoyo y asesoramiento a los equipos educativos, dise\u00f1a programas educativos, facilita grupos sociales y dirige sesiones individuales.<\/span><\/li>\n<li><strong><span>2017-2023:<\/span><\/strong><span><br \/>Especialista en autismo. Apoya y asesora a equipos educativos, dise\u00f1a programas educativos para ni\u00f1os desde preescolar hasta secundaria.<\/span><\/li>\n<li><strong><span>2013-2017:<\/span><\/strong><span><br \/>Directora de un jard\u00edn de infancia especial para ni\u00f1os con trastornos de la comunicaci\u00f3n de edad mixta.<\/span><\/li>\n<li><strong><span>2010-2013:<\/span><\/strong><span><br \/>Directora de un jard\u00edn de infancia especial para ni\u00f1os con trastornos de la comunicaci\u00f3n.<\/span><\/li>\n<li><strong><span>2010:<\/span><\/strong><span><br \/>Pr\u00e1cticas profesionales en una guarder\u00eda para ni\u00f1os con retrasos en el desarrollo.<\/span><\/li>\n<\/ul>\n<p><strong><span>Educaci\u00f3n<\/span><\/strong><\/p>\n<ul>\n<li><strong><span>2017-2019:<\/span><\/strong><span> M\u00e1ster en Desarrollo Infantil, Universidad de Haifa.<\/span><\/li>\n<li><strong><span>2007-2010:<\/span><\/strong><span> Licenciada en Educaci\u00f3n Especial Infantil, Kibbutzim College. Se gradu\u00f3 con honores.<\/span><\/li>\n<\/ul>\n<p><strong><span>Formaci\u00f3n adicional<\/span><\/strong><\/p>\n<ul>\n<li><strong><span>2020-2022:<\/span><\/strong><span> Filosof\u00eda del Yoga, Meditaci\u00f3n y Atenci\u00f3n Plena, Kaden College.<\/span><\/li>\n<li><strong><span>2017-2020:<\/span><\/strong><span> Formaci\u00f3n de Practicantes de Yoga Terap\u00e9utico, Colegio Kaden.<\/span><\/li>\n<li><strong><span>2013-2014:<\/span><\/strong><span> Taller para nuevos educadores de preescolar, Ministerio de Educaci\u00f3n, dirigido por Tsahi Kasher y Gabi Lander-Pedro, Tel Aviv.<\/span><\/li>\n<li><strong><span>2011-2012:<\/span><\/strong><span> Curso Modelo DIR, incluyendo formaci\u00f3n te\u00f3rica y pr\u00e1ctica, dirigido por Yael Brook-Benia.<\/span><\/li>\n<\/ul>\n<ul><\/ul>\n<\/li>\n<\/ul>\n<p>[\/et_pb_toggle][\/et_pb_column][et_pb_column type=\u00bb1_2&#8243; _builder_version=\u00bb4.20.2&#8243; _module_preset=\u00bbdefault\u00bb global_colors_info=\u00bb{}\u00bb][et_pb_image src=\u00bbhttps:\/\/morialaznik.com\/wp-content\/uploads\/2024\/12\/Clinica-Leon-Paula-Bromiguer-psicologa-barcelona.jpg\u00bb alt=\u00bbPASTICCERIA STAZIONE CENTRALE MILANO &#8211; PASTICCERIA STORICA ROVIDA\u00bb title_text=\u00bbClinica Leon &#8211; Paula Bromiguer psicologa barcelona\u00bb align=\u00bbcenter\u00bb force_fullwidth=\u00bbon\u00bb disabled_on=\u00bboff|off|off\u00bb _builder_version=\u00bb4.27.4&#8243; _module_preset=\u00bbdefault\u00bb box_shadow_style=\u00bbpreset1&#8243; global_colors_info=\u00bb{}\u00bb][\/et_pb_image][\/et_pb_column][\/et_pb_row][\/et_pb_section]<\/p>\n","protected":false},"excerpt":{"rendered":"<p><span><span><a href=\"https:\/\/morialaznik.com\/es\/\">Home<\/a><\/span><\/span>Paula BromiguerPaula Bromiguer, Terapeuta y Formadora &nbsp; Sobre PaulaPaula es terapeuta, educadora y supervisora con m\u00e1s de 20 a\u00f1os de experiencia en el campo del autismo. Su trayectoria profesional incluye la direcci\u00f3n de un centro preescolar para ni\u00f1os con necesidades especiales y la supervisi\u00f3n de equipos escolares en la integraci\u00f3n de ni\u00f1os con Trastorno del [&hellip;]<\/p>\n","protected":false},"author":3,"featured_media":787,"parent":0,"menu_order":0,"comment_status":"closed","ping_status":"closed","template":"","meta":{"_et_pb_use_builder":"on","_et_pb_old_content":"","_et_gb_content_width":"","footnotes":""},"class_list":["post-833","page","type-page","status-publish","has-post-thumbnail","hentry"],"yoast_head":"<!-- This site is optimized with the Yoast SEO plugin v27.4 - https:\/\/yoast.com\/product\/yoast-seo-wordpress\/ -->\n<title>Paula Bromiguer - Clinica Le\u00f3n psychologists and psychoterapists<\/title>\n<meta name=\"robots\" content=\"index, follow, max-snippet:-1, max-image-preview:large, max-video-preview:-1\" \/>\n<link rel=\"canonical\" href=\"https:\/\/morialaznik.com\/es\/paula-bromiguer\/\" \/>\n<meta property=\"og:locale\" content=\"es_ES\" \/>\n<meta property=\"og:type\" content=\"article\" \/>\n<meta property=\"og:title\" content=\"Paula Bromiguer - Clinica Le\u00f3n psychologists and psychoterapists\" \/>\n<meta property=\"og:description\" content=\"Paula BromiguerPaula Bromiguer, Terapeuta y Formadora &nbsp; Sobre PaulaPaula es terapeuta, educadora y supervisora con m\u00e1s de 20 a\u00f1os de experiencia en el campo del autismo. Su trayectoria profesional incluye la direcci\u00f3n de un centro preescolar para ni\u00f1os con necesidades especiales y la supervisi\u00f3n de equipos escolares en la integraci\u00f3n de ni\u00f1os con Trastorno del [&hellip;]\" \/>\n<meta property=\"og:url\" content=\"https:\/\/morialaznik.com\/es\/paula-bromiguer\/\" \/>\n<meta property=\"og:site_name\" content=\"Clinica Le\u00f3n psychologists and psychoterapists\" \/>\n<meta property=\"article:modified_time\" content=\"2024-12-15T17:51:09+00:00\" \/>\n<meta property=\"og:image\" content=\"https:\/\/morialaznik.com\/wp-content\/uploads\/2024\/12\/Clinica-Leon-Paula-Bromiguer-psicologa-barcelona.jpg\" \/>\n\t<meta property=\"og:image:width\" content=\"1600\" \/>\n\t<meta property=\"og:image:height\" content=\"1200\" \/>\n\t<meta property=\"og:image:type\" content=\"image\/jpeg\" \/>\n<meta name=\"twitter:card\" content=\"summary_large_image\" \/>\n<meta name=\"twitter:label1\" content=\"Tiempo de lectura\" \/>\n\t<meta name=\"twitter:data1\" content=\"4 minutos\" \/>\n<script type=\"application\/ld+json\" class=\"yoast-schema-graph\">{\"@context\":\"https:\\\/\\\/schema.org\",\"@graph\":[{\"@type\":\"WebPage\",\"@id\":\"https:\\\/\\\/morialaznik.com\\\/es\\\/paula-bromiguer\\\/\",\"url\":\"https:\\\/\\\/morialaznik.com\\\/es\\\/paula-bromiguer\\\/\",\"name\":\"Paula Bromiguer - Clinica Le\u00f3n psychologists and psychoterapists\",\"isPartOf\":{\"@id\":\"https:\\\/\\\/morialaznik.com\\\/es\\\/#website\"},\"primaryImageOfPage\":{\"@id\":\"https:\\\/\\\/morialaznik.com\\\/es\\\/paula-bromiguer\\\/#primaryimage\"},\"image\":{\"@id\":\"https:\\\/\\\/morialaznik.com\\\/es\\\/paula-bromiguer\\\/#primaryimage\"},\"thumbnailUrl\":\"https:\\\/\\\/morialaznik.com\\\/wp-content\\\/uploads\\\/2024\\\/12\\\/Clinica-Leon-Paula-Bromiguer-psicologa-barcelona.jpg\",\"datePublished\":\"2024-12-14T17:53:13+00:00\",\"dateModified\":\"2024-12-15T17:51:09+00:00\",\"breadcrumb\":{\"@id\":\"https:\\\/\\\/morialaznik.com\\\/es\\\/paula-bromiguer\\\/#breadcrumb\"},\"inLanguage\":\"es\",\"potentialAction\":[{\"@type\":\"ReadAction\",\"target\":[\"https:\\\/\\\/morialaznik.com\\\/es\\\/paula-bromiguer\\\/\"]}]},{\"@type\":\"ImageObject\",\"inLanguage\":\"es\",\"@id\":\"https:\\\/\\\/morialaznik.com\\\/es\\\/paula-bromiguer\\\/#primaryimage\",\"url\":\"https:\\\/\\\/morialaznik.com\\\/wp-content\\\/uploads\\\/2024\\\/12\\\/Clinica-Leon-Paula-Bromiguer-psicologa-barcelona.jpg\",\"contentUrl\":\"https:\\\/\\\/morialaznik.com\\\/wp-content\\\/uploads\\\/2024\\\/12\\\/Clinica-Leon-Paula-Bromiguer-psicologa-barcelona.jpg\",\"width\":1600,\"height\":1200},{\"@type\":\"BreadcrumbList\",\"@id\":\"https:\\\/\\\/morialaznik.com\\\/es\\\/paula-bromiguer\\\/#breadcrumb\",\"itemListElement\":[{\"@type\":\"ListItem\",\"position\":1,\"name\":\"Home\",\"item\":\"https:\\\/\\\/morialaznik.com\\\/es\\\/\"},{\"@type\":\"ListItem\",\"position\":2,\"name\":\"Paula Bromiguer\"}]},{\"@type\":\"WebSite\",\"@id\":\"https:\\\/\\\/morialaznik.com\\\/es\\\/#website\",\"url\":\"https:\\\/\\\/morialaznik.com\\\/es\\\/\",\"name\":\"Moria Laznik psychologist\",\"description\":\"Psychologists and psychotherapists in Sant Cugat del Vall\u00e8s Barcelona\",\"publisher\":{\"@id\":\"https:\\\/\\\/morialaznik.com\\\/es\\\/#organization\"},\"potentialAction\":[{\"@type\":\"SearchAction\",\"target\":{\"@type\":\"EntryPoint\",\"urlTemplate\":\"https:\\\/\\\/morialaznik.com\\\/es\\\/?s={search_term_string}\"},\"query-input\":{\"@type\":\"PropertyValueSpecification\",\"valueRequired\":true,\"valueName\":\"search_term_string\"}}],\"inLanguage\":\"es\"},{\"@type\":\"Organization\",\"@id\":\"https:\\\/\\\/morialaznik.com\\\/es\\\/#organization\",\"name\":\"Moria Laznik psychologist\",\"url\":\"https:\\\/\\\/morialaznik.com\\\/es\\\/\",\"logo\":{\"@type\":\"ImageObject\",\"inLanguage\":\"es\",\"@id\":\"https:\\\/\\\/morialaznik.com\\\/es\\\/#\\\/schema\\\/logo\\\/image\\\/\",\"url\":\"https:\\\/\\\/morialaznik.com\\\/wp-content\\\/uploads\\\/2024\\\/01\\\/Logo-Moria-Laznik-psychologist-website.jpg\",\"contentUrl\":\"https:\\\/\\\/morialaznik.com\\\/wp-content\\\/uploads\\\/2024\\\/01\\\/Logo-Moria-Laznik-psychologist-website.jpg\",\"width\":746,\"height\":214,\"caption\":\"Moria Laznik psychologist\"},\"image\":{\"@id\":\"https:\\\/\\\/morialaznik.com\\\/es\\\/#\\\/schema\\\/logo\\\/image\\\/\"}}]}<\/script>\n<!-- \/ Yoast SEO plugin. -->","yoast_head_json":{"title":"Paula Bromiguer - Clinica Le\u00f3n psychologists and psychoterapists","robots":{"index":"index","follow":"follow","max-snippet":"max-snippet:-1","max-image-preview":"max-image-preview:large","max-video-preview":"max-video-preview:-1"},"canonical":"https:\/\/morialaznik.com\/es\/paula-bromiguer\/","og_locale":"es_ES","og_type":"article","og_title":"Paula Bromiguer - Clinica Le\u00f3n psychologists and psychoterapists","og_description":"Paula BromiguerPaula Bromiguer, Terapeuta y Formadora &nbsp; Sobre PaulaPaula es terapeuta, educadora y supervisora con m\u00e1s de 20 a\u00f1os de experiencia en el campo del autismo. Su trayectoria profesional incluye la direcci\u00f3n de un centro preescolar para ni\u00f1os con necesidades especiales y la supervisi\u00f3n de equipos escolares en la integraci\u00f3n de ni\u00f1os con Trastorno del [&hellip;]","og_url":"https:\/\/morialaznik.com\/es\/paula-bromiguer\/","og_site_name":"Clinica Le\u00f3n psychologists and psychoterapists","article_modified_time":"2024-12-15T17:51:09+00:00","og_image":[{"width":1600,"height":1200,"url":"https:\/\/morialaznik.com\/wp-content\/uploads\/2024\/12\/Clinica-Leon-Paula-Bromiguer-psicologa-barcelona.jpg","type":"image\/jpeg"}],"twitter_card":"summary_large_image","twitter_misc":{"Tiempo de lectura":"4 minutos"},"schema":{"@context":"https:\/\/schema.org","@graph":[{"@type":"WebPage","@id":"https:\/\/morialaznik.com\/es\/paula-bromiguer\/","url":"https:\/\/morialaznik.com\/es\/paula-bromiguer\/","name":"Paula Bromiguer - Clinica Le\u00f3n psychologists and psychoterapists","isPartOf":{"@id":"https:\/\/morialaznik.com\/es\/#website"},"primaryImageOfPage":{"@id":"https:\/\/morialaznik.com\/es\/paula-bromiguer\/#primaryimage"},"image":{"@id":"https:\/\/morialaznik.com\/es\/paula-bromiguer\/#primaryimage"},"thumbnailUrl":"https:\/\/morialaznik.com\/wp-content\/uploads\/2024\/12\/Clinica-Leon-Paula-Bromiguer-psicologa-barcelona.jpg","datePublished":"2024-12-14T17:53:13+00:00","dateModified":"2024-12-15T17:51:09+00:00","breadcrumb":{"@id":"https:\/\/morialaznik.com\/es\/paula-bromiguer\/#breadcrumb"},"inLanguage":"es","potentialAction":[{"@type":"ReadAction","target":["https:\/\/morialaznik.com\/es\/paula-bromiguer\/"]}]},{"@type":"ImageObject","inLanguage":"es","@id":"https:\/\/morialaznik.com\/es\/paula-bromiguer\/#primaryimage","url":"https:\/\/morialaznik.com\/wp-content\/uploads\/2024\/12\/Clinica-Leon-Paula-Bromiguer-psicologa-barcelona.jpg","contentUrl":"https:\/\/morialaznik.com\/wp-content\/uploads\/2024\/12\/Clinica-Leon-Paula-Bromiguer-psicologa-barcelona.jpg","width":1600,"height":1200},{"@type":"BreadcrumbList","@id":"https:\/\/morialaznik.com\/es\/paula-bromiguer\/#breadcrumb","itemListElement":[{"@type":"ListItem","position":1,"name":"Home","item":"https:\/\/morialaznik.com\/es\/"},{"@type":"ListItem","position":2,"name":"Paula Bromiguer"}]},{"@type":"WebSite","@id":"https:\/\/morialaznik.com\/es\/#website","url":"https:\/\/morialaznik.com\/es\/","name":"Moria Laznik psychologist","description":"Psychologists and psychotherapists in Sant Cugat del Vall\u00e8s Barcelona","publisher":{"@id":"https:\/\/morialaznik.com\/es\/#organization"},"potentialAction":[{"@type":"SearchAction","target":{"@type":"EntryPoint","urlTemplate":"https:\/\/morialaznik.com\/es\/?s={search_term_string}"},"query-input":{"@type":"PropertyValueSpecification","valueRequired":true,"valueName":"search_term_string"}}],"inLanguage":"es"},{"@type":"Organization","@id":"https:\/\/morialaznik.com\/es\/#organization","name":"Moria Laznik psychologist","url":"https:\/\/morialaznik.com\/es\/","logo":{"@type":"ImageObject","inLanguage":"es","@id":"https:\/\/morialaznik.com\/es\/#\/schema\/logo\/image\/","url":"https:\/\/morialaznik.com\/wp-content\/uploads\/2024\/01\/Logo-Moria-Laznik-psychologist-website.jpg","contentUrl":"https:\/\/morialaznik.com\/wp-content\/uploads\/2024\/01\/Logo-Moria-Laznik-psychologist-website.jpg","width":746,"height":214,"caption":"Moria Laznik psychologist"},"image":{"@id":"https:\/\/morialaznik.com\/es\/#\/schema\/logo\/image\/"}}]}},"_links":{"self":[{"href":"https:\/\/morialaznik.com\/es\/wp-json\/wp\/v2\/pages\/833","targetHints":{"allow":["GET"]}}],"collection":[{"href":"https:\/\/morialaznik.com\/es\/wp-json\/wp\/v2\/pages"}],"about":[{"href":"https:\/\/morialaznik.com\/es\/wp-json\/wp\/v2\/types\/page"}],"author":[{"embeddable":true,"href":"https:\/\/morialaznik.com\/es\/wp-json\/wp\/v2\/users\/3"}],"replies":[{"embeddable":true,"href":"https:\/\/morialaznik.com\/es\/wp-json\/wp\/v2\/comments?post=833"}],"version-history":[{"count":4,"href":"https:\/\/morialaznik.com\/es\/wp-json\/wp\/v2\/pages\/833\/revisions"}],"predecessor-version":[{"id":888,"href":"https:\/\/morialaznik.com\/es\/wp-json\/wp\/v2\/pages\/833\/revisions\/888"}],"wp:featuredmedia":[{"embeddable":true,"href":"https:\/\/morialaznik.com\/es\/wp-json\/wp\/v2\/media\/787"}],"wp:attachment":[{"href":"https:\/\/morialaznik.com\/es\/wp-json\/wp\/v2\/media?parent=833"}],"curies":[{"name":"wp","href":"https:\/\/api.w.org\/{rel}","templated":true}]}}